{"id":1984,"date":"2022-11-07T16:13:19","date_gmt":"2022-11-07T16:13:19","guid":{"rendered":"https:\/\/mining-investments.com\/?page_id=1984"},"modified":"2022-11-28T14:34:45","modified_gmt":"2022-11-28T14:34:45","slug":"what-we-do","status":"publish","type":"page","link":"https:\/\/mining-investments.com\/es\/about\/what-we-do\/","title":{"rendered":"Lo que hacemos"},"content":{"rendered":"<div data-elementor-type=\"wp-post\" data-elementor-id=\"1984\" class=\"elementor elementor-1984\">\n\t\t\t\t\t\t<section class=\"elementor-section elementor-top-section elementor-element elementor-element-7116a5b2 elementor-section-boxed elementor-section-height-default elementor-section-height-default\" data-id=\"7116a5b2\" data-element_type=\"section\" data-settings=\"{&quot;background_background&quot;:&quot;classic&quot;}\">\n\t\t\t\t\t\t\t<div class=\"elementor-background-overlay\"><\/div>\n\t\t\t\t\t\t\t<div class=\"elementor-container elementor-column-gap-no\">\n\t\t\t\t\t<div class=\"elementor-column elementor-col-100 elementor-top-column elementor-element elementor-element-6439be06\" data-id=\"6439be06\" data-element_type=\"column\" data-settings=\"{&quot;background_background&quot;:&quot;classic&quot;}\">\n\t\t\t<div class=\"elementor-widget-wrap elementor-element-populated\">\n\t\t\t\t\t\t<div class=\"elementor-element elementor-element-198df6ee elementor-widget elementor-widget-heading\" data-id=\"198df6ee\" data-element_type=\"widget\" data-widget_type=\"heading.default\">\n\t\t\t\t<div class=\"elementor-widget-container\">\n\t\t\t\t\t<h1 class=\"elementor-heading-title elementor-size-default\">Lo que hacemos <\/h1>\t\t\t\t<\/div>\n\t\t\t\t<\/div>\n\t\t\t\t\t<\/div>\n\t\t<\/div>\n\t\t\t\t\t<\/div>\n\t\t<\/section>\n\t\t\t\t<section class=\"elementor-section elementor-top-section elementor-element elementor-element-871babd elementor-section-boxed elementor-section-height-default elementor-section-height-default\" data-id=\"871babd\" data-element_type=\"section\">\n\t\t\t\t\t\t<div class=\"elementor-container elementor-column-gap-no\">\n\t\t\t\t\t<div class=\"elementor-column elementor-col-50 elementor-top-column elementor-element elementor-element-77e3bb83\" data-id=\"77e3bb83\" data-element_type=\"column\">\n\t\t\t<div class=\"elementor-widget-wrap elementor-element-populated\">\n\t\t\t\t\t\t<div class=\"elementor-element elementor-element-2d9347f6 elementor-widget elementor-widget-image\" data-id=\"2d9347f6\" data-element_type=\"widget\" data-widget_type=\"image.default\">\n\t\t\t\t<div class=\"elementor-widget-container\">\n\t\t\t\t\t\t\t\t\t\t\t\t\t\t\t<img fetchpriority=\"high\" decoding=\"async\" width=\"919\" height=\"1280\" src=\"https:\/\/mining-investments.com\/wp-content\/uploads\/2022\/11\/mining-miner-exploration-7265657.jpg\" class=\"attachment-full size-full wp-image-2111\" alt=\"mining, miner, exploration-7265657.jpg\" srcset=\"https:\/\/mining-investments.com\/wp-content\/uploads\/2022\/11\/mining-miner-exploration-7265657.jpg 919w, https:\/\/mining-investments.com\/wp-content\/uploads\/2022\/11\/mining-miner-exploration-7265657-215x300.jpg 215w, https:\/\/mining-investments.com\/wp-content\/uploads\/2022\/11\/mining-miner-exploration-7265657-735x1024.jpg 735w, https:\/\/mining-investments.com\/wp-content\/uploads\/2022\/11\/mining-miner-exploration-7265657-768x1070.jpg 768w\" sizes=\"(max-width: 919px) 100vw, 919px\" \/>\t\t\t\t\t\t\t\t\t\t\t\t\t\t\t<\/div>\n\t\t\t\t<\/div>\n\t\t\t\t\t<\/div>\n\t\t<\/div>\n\t\t\t\t<div class=\"elementor-column elementor-col-50 elementor-top-column elementor-element elementor-element-7e966216\" data-id=\"7e966216\" data-element_type=\"column\">\n\t\t\t<div class=\"elementor-widget-wrap elementor-element-populated\">\n\t\t\t\t\t\t<div class=\"elementor-element elementor-element-59a74dcd elementor-widget elementor-widget-heading\" data-id=\"59a74dcd\" data-element_type=\"widget\" data-widget_type=\"heading.default\">\n\t\t\t\t<div class=\"elementor-widget-container\">\n\t\t\t\t\t<h2 class=\"elementor-heading-title elementor-size-default\">Nuestra Visi\u00f3n<\/h2>\t\t\t\t<\/div>\n\t\t\t\t<\/div>\n\t\t\t\t<div class=\"elementor-element elementor-element-46d8a17c elementor-widget-divider--view-line elementor-widget elementor-widget-divider\" data-id=\"46d8a17c\" data-element_type=\"widget\" data-widget_type=\"divider.default\">\n\t\t\t\t<div class=\"elementor-widget-container\">\n\t\t\t\t\t\t\t<div class=\"elementor-divider\">\n\t\t\t<span class=\"elementor-divider-separator\">\n\t\t\t\t\t\t<\/span>\n\t\t<\/div>\n\t\t\t\t\t\t<\/div>\n\t\t\t\t<\/div>\n\t\t\t\t<div class=\"elementor-element elementor-element-4bef784e elementor-widget elementor-widget-text-editor\" data-id=\"4bef784e\" data-element_type=\"widget\" data-widget_type=\"text-editor.default\">\n\t\t\t\t<div class=\"elementor-widget-container\">\n\t\t\t\t\t\t\t\t\t<p><span style=\"font-weight: 400;\">Tomamos en cuenta la mejora, el desarrollo y la investigaci\u00f3n en el campo de la miner\u00eda sostenible, y el procesamiento mejorado de permisos para una exploraci\u00f3n din\u00e1mica y receptiva, promovemos el desarrollo de cadenas productivas locales y regionales y su integraci\u00f3n en las cadenas globales de valor, descubrimos y adaptamos el impacto de la automatizaci\u00f3n del empleo minero y la adopci\u00f3n de nuevas tecnolog\u00edas, promover el desarrollo de minerales distintos al cobre, incrementar el valor estrat\u00e9gico de las peque\u00f1as y medianas empresas mineras competitivas y socialmente responsables. Fortalecer la participaci\u00f3n ciudadana temprana e institucionalizada mediante la celebraci\u00f3n de acuerdos vinculantes y di\u00e1logos de largo plazo, potenciar la creaci\u00f3n de empleos locales de alta calidad en la cadena de valor minera (empresas, contratistas y proveedores),\u00a0<\/span><\/p>\t\t\t\t\t\t\t\t<\/div>\n\t\t\t\t<\/div>\n\t\t\t\t\t<\/div>\n\t\t<\/div>\n\t\t\t\t\t<\/div>\n\t\t<\/section>\n\t\t\t\t<\/div>","protected":false},"excerpt":{"rendered":"<p>What we do Our Vission We take into account improvement, development, and research in the field of sustainable mining, and improved permission processing for dynamic and responsive exploration, promote the development of local and regional production chains and their integration into global value chains, discover and adapt the impact of automation on mining employment and [&hellip;]<\/p>","protected":false},"author":1,"featured_media":0,"parent":71,"menu_order":0,"comment_status":"closed","ping_status":"closed","template":"","meta":{"site-sidebar-layout":"no-sidebar","site-content-layout":"page-builder","ast-site-content-layout":"default","site-content-style":"default","site-sidebar-style":"default","ast-global-header-display":"","ast-banner-title-visibility":"","ast-main-header-display":"","ast-hfb-above-header-display":"","ast-hfb-below-header-display":"","ast-hfb-mobile-header-display":"","site-post-title":"disabled","ast-breadcrumbs-content":"","ast-featured-img":"disabled","footer-sml-layout":"","ast-disable-related-posts":"","theme-transparent-header-meta":"enabled","adv-header-id-meta":"","stick-header-meta":"","header-above-stick-meta":"","header-main-stick-meta":"","header-below-stick-meta":"","astra-migrate-meta-layouts":"default","ast-page-background-enabled":"default","ast-page-background-meta":{"desktop":{"background-color":"","background-image":"","background-repeat":"repeat","background-position":"center center","background-size":"auto","background-attachment":"scroll","background-type":"","background-media":"","overlay-type":"","overlay-color":"","overlay-opacity":"","overlay-gradient":""},"tablet":{"background-color":"","background-image":"","background-repeat":"repeat","background-position":"center center","background-size":"auto","background-attachment":"scroll","background-type":"","background-media":"","overlay-type":"","overlay-color":"","overlay-opacity":"","overlay-gradient":""},"mobile":{"background-color":"","background-image":"","background-repeat":"repeat","background-position":"center center","background-size":"auto","background-attachment":"scroll","background-type":"","background-media":"","overlay-type":"","overlay-color":"","overlay-opacity":"","overlay-gradient":""}},"ast-content-background-meta":{"desktop":{"background-color":"var(--ast-global-color-5)","background-image":"","background-repeat":"repeat","background-position":"center center","background-size":"auto","background-attachment":"scroll","background-type":"","background-media":"","overlay-type":"","overlay-color":"","overlay-opacity":"","overlay-gradient":""},"tablet":{"background-color":"var(--ast-global-color-5)","background-image":"","background-repeat":"repeat","background-position":"center center","background-size":"auto","background-attachment":"scroll","background-type":"","background-media":"","overlay-type":"","overlay-color":"","overlay-opacity":"","overlay-gradient":""},"mobile":{"background-color":"var(--ast-global-color-5)","background-image":"","background-repeat":"repeat","background-position":"center center","background-size":"auto","background-attachment":"scroll","background-type":"","background-media":"","overlay-type":"","overlay-color":"","overlay-opacity":"","overlay-gradient":""}},"footnotes":""},"class_list":["post-1984","page","type-page","status-publish","hentry"],"yoast_head":"<!-- This site is optimized with the Yoast SEO plugin v26.6 - https:\/\/yoast.com\/wordpress\/plugins\/seo\/ -->\n<title>What we do -<\/title>\n<meta name=\"robots\" content=\"index, follow, max-snippet:-1, max-image-preview:large, max-video-preview:-1\" \/>\n<link rel=\"canonical\" href=\"https:\/\/mining-investments.com\/es\/about\/what-we-do\/\" \/>\n<meta property=\"og:locale\" content=\"es_ES\" \/>\n<meta property=\"og:type\" content=\"article\" \/>\n<meta property=\"og:title\" content=\"What we do -\" \/>\n<meta property=\"og:description\" content=\"What we do Our Vission We take into account improvement, development, and research in the field of sustainable mining, and improved permission processing for dynamic and responsive exploration, promote the development of local and regional production chains and their integration into global value chains, discover and adapt the impact of automation on mining employment and [&hellip;]\" \/>\n<meta property=\"og:url\" content=\"https:\/\/mining-investments.com\/es\/about\/what-we-do\/\" \/>\n<meta property=\"article:modified_time\" content=\"2022-11-28T14:34:45+00:00\" \/>\n<meta property=\"og:image\" content=\"https:\/\/mining-investments.com\/wp-content\/uploads\/2022\/11\/mining-miner-exploration-7265657.jpg\" \/>\n<meta name=\"twitter:card\" content=\"summary_large_image\" \/>\n<meta name=\"twitter:label1\" content=\"Tiempo de lectura\" \/>\n\t<meta name=\"twitter:data1\" content=\"1 minuto\" \/>\n<script type=\"application\/ld+json\" class=\"yoast-schema-graph\">{\"@context\":\"https:\/\/schema.org\",\"@graph\":[{\"@type\":\"WebPage\",\"@id\":\"https:\/\/mining-investments.com\/about\/what-we-do\/\",\"url\":\"https:\/\/mining-investments.com\/about\/what-we-do\/\",\"name\":\"What we do -\",\"isPartOf\":{\"@id\":\"https:\/\/mining-investments.com\/#website\"},\"primaryImageOfPage\":{\"@id\":\"https:\/\/mining-investments.com\/about\/what-we-do\/#primaryimage\"},\"image\":{\"@id\":\"https:\/\/mining-investments.com\/about\/what-we-do\/#primaryimage\"},\"thumbnailUrl\":\"https:\/\/mining-investments.com\/wp-content\/uploads\/2022\/11\/mining-miner-exploration-7265657.jpg\",\"datePublished\":\"2022-11-07T16:13:19+00:00\",\"dateModified\":\"2022-11-28T14:34:45+00:00\",\"breadcrumb\":{\"@id\":\"https:\/\/mining-investments.com\/about\/what-we-do\/#breadcrumb\"},\"inLanguage\":\"es\",\"potentialAction\":[{\"@type\":\"ReadAction\",\"target\":[\"https:\/\/mining-investments.com\/about\/what-we-do\/\"]}]},{\"@type\":\"ImageObject\",\"inLanguage\":\"es\",\"@id\":\"https:\/\/mining-investments.com\/about\/what-we-do\/#primaryimage\",\"url\":\"https:\/\/mining-investments.com\/wp-content\/uploads\/2022\/11\/mining-miner-exploration-7265657.jpg\",\"contentUrl\":\"https:\/\/mining-investments.com\/wp-content\/uploads\/2022\/11\/mining-miner-exploration-7265657.jpg\"},{\"@type\":\"BreadcrumbList\",\"@id\":\"https:\/\/mining-investments.com\/about\/what-we-do\/#breadcrumb\",\"itemListElement\":[{\"@type\":\"ListItem\",\"position\":1,\"name\":\"Home\",\"item\":\"https:\/\/mining-investments.com\/\"},{\"@type\":\"ListItem\",\"position\":2,\"name\":\"About\",\"item\":\"https:\/\/mining-investments.com\/about\/\"},{\"@type\":\"ListItem\",\"position\":3,\"name\":\"What we do\"}]},{\"@type\":\"WebSite\",\"@id\":\"https:\/\/mining-investments.com\/#website\",\"url\":\"https:\/\/mining-investments.com\/\",\"name\":\"\",\"description\":\"\",\"potentialAction\":[{\"@type\":\"SearchAction\",\"target\":{\"@type\":\"EntryPoint\",\"urlTemplate\":\"https:\/\/mining-investments.com\/?s={search_term_string}\"},\"query-input\":{\"@type\":\"PropertyValueSpecification\",\"valueRequired\":true,\"valueName\":\"search_term_string\"}}],\"inLanguage\":\"es\"}]}<\/script>\n<!-- \/ Yoast SEO plugin. -->","yoast_head_json":{"title":"What we do -","robots":{"index":"index","follow":"follow","max-snippet":"max-snippet:-1","max-image-preview":"max-image-preview:large","max-video-preview":"max-video-preview:-1"},"canonical":"https:\/\/mining-investments.com\/es\/about\/what-we-do\/","og_locale":"es_ES","og_type":"article","og_title":"What we do -","og_description":"What we do Our Vission We take into account improvement, development, and research in the field of sustainable mining, and improved permission processing for dynamic and responsive exploration, promote the development of local and regional production chains and their integration into global value chains, discover and adapt the impact of automation on mining employment and [&hellip;]","og_url":"https:\/\/mining-investments.com\/es\/about\/what-we-do\/","article_modified_time":"2022-11-28T14:34:45+00:00","og_image":[{"url":"https:\/\/mining-investments.com\/wp-content\/uploads\/2022\/11\/mining-miner-exploration-7265657.jpg","type":"","width":"","height":""}],"twitter_card":"summary_large_image","twitter_misc":{"Tiempo de lectura":"1 minuto"},"schema":{"@context":"https:\/\/schema.org","@graph":[{"@type":"WebPage","@id":"https:\/\/mining-investments.com\/about\/what-we-do\/","url":"https:\/\/mining-investments.com\/about\/what-we-do\/","name":"What we do -","isPartOf":{"@id":"https:\/\/mining-investments.com\/#website"},"primaryImageOfPage":{"@id":"https:\/\/mining-investments.com\/about\/what-we-do\/#primaryimage"},"image":{"@id":"https:\/\/mining-investments.com\/about\/what-we-do\/#primaryimage"},"thumbnailUrl":"https:\/\/mining-investments.com\/wp-content\/uploads\/2022\/11\/mining-miner-exploration-7265657.jpg","datePublished":"2022-11-07T16:13:19+00:00","dateModified":"2022-11-28T14:34:45+00:00","breadcrumb":{"@id":"https:\/\/mining-investments.com\/about\/what-we-do\/#breadcrumb"},"inLanguage":"es","potentialAction":[{"@type":"ReadAction","target":["https:\/\/mining-investments.com\/about\/what-we-do\/"]}]},{"@type":"ImageObject","inLanguage":"es","@id":"https:\/\/mining-investments.com\/about\/what-we-do\/#primaryimage","url":"https:\/\/mining-investments.com\/wp-content\/uploads\/2022\/11\/mining-miner-exploration-7265657.jpg","contentUrl":"https:\/\/mining-investments.com\/wp-content\/uploads\/2022\/11\/mining-miner-exploration-7265657.jpg"},{"@type":"BreadcrumbList","@id":"https:\/\/mining-investments.com\/about\/what-we-do\/#breadcrumb","itemListElement":[{"@type":"ListItem","position":1,"name":"Home","item":"https:\/\/mining-investments.com\/"},{"@type":"ListItem","position":2,"name":"About","item":"https:\/\/mining-investments.com\/about\/"},{"@type":"ListItem","position":3,"name":"What we do"}]},{"@type":"WebSite","@id":"https:\/\/mining-investments.com\/#website","url":"https:\/\/mining-investments.com\/","name":"","description":"","potentialAction":[{"@type":"SearchAction","target":{"@type":"EntryPoint","urlTemplate":"https:\/\/mining-investments.com\/?s={search_term_string}"},"query-input":{"@type":"PropertyValueSpecification","valueRequired":true,"valueName":"search_term_string"}}],"inLanguage":"es"}]}},"_links":{"self":[{"href":"https:\/\/mining-investments.com\/es\/wp-json\/wp\/v2\/pages\/1984","targetHints":{"allow":["GET"]}}],"collection":[{"href":"https:\/\/mining-investments.com\/es\/wp-json\/wp\/v2\/pages"}],"about":[{"href":"https:\/\/mining-investments.com\/es\/wp-json\/wp\/v2\/types\/page"}],"author":[{"embeddable":true,"href":"https:\/\/mining-investments.com\/es\/wp-json\/wp\/v2\/users\/1"}],"replies":[{"embeddable":true,"href":"https:\/\/mining-investments.com\/es\/wp-json\/wp\/v2\/comments?post=1984"}],"version-history":[{"count":13,"href":"https:\/\/mining-investments.com\/es\/wp-json\/wp\/v2\/pages\/1984\/revisions"}],"predecessor-version":[{"id":2118,"href":"https:\/\/mining-investments.com\/es\/wp-json\/wp\/v2\/pages\/1984\/revisions\/2118"}],"up":[{"embeddable":true,"href":"https:\/\/mining-investments.com\/es\/wp-json\/wp\/v2\/pages\/71"}],"wp:attachment":[{"href":"https:\/\/mining-investments.com\/es\/wp-json\/wp\/v2\/media?parent=1984"}],"curies":[{"name":"wp","href":"https:\/\/api.w.org\/{rel}","templated":true}]}}