{"id":1986,"date":"2022-11-07T16:14:47","date_gmt":"2022-11-07T16:14:47","guid":{"rendered":"https:\/\/mining-investments.com\/?page_id=1986"},"modified":"2022-11-28T14:28:44","modified_gmt":"2022-11-28T14:28:44","slug":"works-with-us","status":"publish","type":"page","link":"https:\/\/mining-investments.com\/es\/about\/works-with-us\/","title":{"rendered":"Trabaja con nosotros"},"content":{"rendered":"<div data-elementor-type=\"wp-post\" data-elementor-id=\"1986\" class=\"elementor elementor-1986\">\n\t\t\t\t\t\t<section class=\"elementor-section elementor-top-section elementor-element elementor-element-7116a5b2 elementor-section-boxed elementor-section-height-default elementor-section-height-default\" data-id=\"7116a5b2\" data-element_type=\"section\" data-settings=\"{&quot;background_background&quot;:&quot;classic&quot;}\">\n\t\t\t\t\t\t\t<div class=\"elementor-background-overlay\"><\/div>\n\t\t\t\t\t\t\t<div class=\"elementor-container elementor-column-gap-no\">\n\t\t\t\t\t<div class=\"elementor-column elementor-col-100 elementor-top-column elementor-element elementor-element-6439be06\" data-id=\"6439be06\" data-element_type=\"column\" data-settings=\"{&quot;background_background&quot;:&quot;classic&quot;}\">\n\t\t\t<div class=\"elementor-widget-wrap elementor-element-populated\">\n\t\t\t\t\t\t<div class=\"elementor-element elementor-element-198df6ee elementor-widget elementor-widget-heading\" data-id=\"198df6ee\" data-element_type=\"widget\" data-widget_type=\"heading.default\">\n\t\t\t\t<div class=\"elementor-widget-container\">\n\t\t\t\t\t<h1 class=\"elementor-heading-title elementor-size-default\">Trabaja con nosotros <\/h1>\t\t\t\t<\/div>\n\t\t\t\t<\/div>\n\t\t\t\t\t<\/div>\n\t\t<\/div>\n\t\t\t\t\t<\/div>\n\t\t<\/section>\n\t\t\t\t<section class=\"elementor-section elementor-top-section elementor-element elementor-element-871babd elementor-section-boxed elementor-section-height-default elementor-section-height-default\" data-id=\"871babd\" data-element_type=\"section\">\n\t\t\t\t\t\t<div class=\"elementor-container elementor-column-gap-no\">\n\t\t\t\t\t<div class=\"elementor-column elementor-col-50 elementor-top-column elementor-element elementor-element-7e966216\" data-id=\"7e966216\" data-element_type=\"column\">\n\t\t\t<div class=\"elementor-widget-wrap elementor-element-populated\">\n\t\t\t\t\t\t<div class=\"elementor-element elementor-element-59a74dcd elementor-widget elementor-widget-heading\" data-id=\"59a74dcd\" data-element_type=\"widget\" data-widget_type=\"heading.default\">\n\t\t\t\t<div class=\"elementor-widget-container\">\n\t\t\t\t\t<h2 class=\"elementor-heading-title elementor-size-default\">Nuestra Misi\u00f3n<\/h2>\t\t\t\t<\/div>\n\t\t\t\t<\/div>\n\t\t\t\t<div class=\"elementor-element elementor-element-46d8a17c elementor-widget-divider--view-line elementor-widget elementor-widget-divider\" data-id=\"46d8a17c\" data-element_type=\"widget\" data-widget_type=\"divider.default\">\n\t\t\t\t<div class=\"elementor-widget-container\">\n\t\t\t\t\t\t\t<div class=\"elementor-divider\">\n\t\t\t<span class=\"elementor-divider-separator\">\n\t\t\t\t\t\t<\/span>\n\t\t<\/div>\n\t\t\t\t\t\t<\/div>\n\t\t\t\t<\/div>\n\t\t\t\t<div class=\"elementor-element elementor-element-4bef784e elementor-widget elementor-widget-text-editor\" data-id=\"4bef784e\" data-element_type=\"widget\" data-widget_type=\"text-editor.default\">\n\t\t\t\t<div class=\"elementor-widget-container\">\n\t\t\t\t\t\t\t\t\t<p><span style=\"font-weight: 400;\">Participar activamente en la creaci\u00f3n de proyectos de miner\u00eda a peque\u00f1a escala que extraigan metales y no metales de manera segura, aprovechen su potencial y colaboren para maximizar la riqueza y la sostenibilidad de los accionistas, as\u00ed como el desarrollo de todos los inversionistas y socios y para las comunidades estadounidenses como entero.<\/span><\/p><p><span style=\"font-weight: 400;\">Aplicamos tecnolog\u00eda, planes de contingencia, manejo de la contaminaci\u00f3n, ahorro de energ\u00eda, acercamiento proactivo a la comunidad y alianzas entre el estado, la industria minera y la comunidad. Ayudamos a los peque\u00f1os mineros a crecer proporcionando financiaci\u00f3n, gesti\u00f3n, tecnolog\u00edas limpias y redes comerciales eficientes a trav\u00e9s de nuestras corporaciones.<\/span><\/p><p><span style=\"font-weight: 400;\">Integramos el negocio global de inversi\u00f3n en miner\u00eda, lo que permite a los peque\u00f1os inversores participar en esta magn\u00edfica industria y cosechar sus frutos.<\/span><\/p><p><span style=\"font-weight: 400;\">Priorizamos la creaci\u00f3n de un sistema de informaci\u00f3n integral y din\u00e1mico sobre el estado de los recursos h\u00eddricos en la cuenca y el fomento del establecimiento de normas de seguridad del agua, elevando la gesti\u00f3n efectiva de los recursos h\u00eddricos, y Desarrollando e implementando una estrategia de responsabilidad ambiental para una miner\u00eda segura, as\u00ed como ejecutando el nacional programa de relaves para gestionar mejor los dep\u00f3sitos mineros activos.<\/span><\/p>\t\t\t\t\t\t\t\t<\/div>\n\t\t\t\t<\/div>\n\t\t\t\t\t<\/div>\n\t\t<\/div>\n\t\t\t\t<div class=\"elementor-column elementor-col-50 elementor-top-column elementor-element elementor-element-77e3bb83\" data-id=\"77e3bb83\" data-element_type=\"column\">\n\t\t\t<div class=\"elementor-widget-wrap elementor-element-populated\">\n\t\t\t\t\t\t<div class=\"elementor-element elementor-element-2d9347f6 elementor-widget elementor-widget-image\" data-id=\"2d9347f6\" data-element_type=\"widget\" data-widget_type=\"image.default\">\n\t\t\t\t<div class=\"elementor-widget-container\">\n\t\t\t\t\t\t\t\t\t\t\t\t\t\t\t<img fetchpriority=\"high\" decoding=\"async\" width=\"853\" height=\"1280\" src=\"https:\/\/mining-investments.com\/wp-content\/uploads\/2022\/11\/brown-coal-energy-garzweiler-283211.jpg\" class=\"attachment-full size-full wp-image-2107\" alt=\"brown coal, energy, garzweiler-283211.jpg\" srcset=\"https:\/\/mining-investments.com\/wp-content\/uploads\/2022\/11\/brown-coal-energy-garzweiler-283211.jpg 853w, https:\/\/mining-investments.com\/wp-content\/uploads\/2022\/11\/brown-coal-energy-garzweiler-283211-200x300.jpg 200w, https:\/\/mining-investments.com\/wp-content\/uploads\/2022\/11\/brown-coal-energy-garzweiler-283211-682x1024.jpg 682w, https:\/\/mining-investments.com\/wp-content\/uploads\/2022\/11\/brown-coal-energy-garzweiler-283211-768x1152.jpg 768w\" sizes=\"(max-width: 853px) 100vw, 853px\" \/>\t\t\t\t\t\t\t\t\t\t\t\t\t\t\t<\/div>\n\t\t\t\t<\/div>\n\t\t\t\t\t<\/div>\n\t\t<\/div>\n\t\t\t\t\t<\/div>\n\t\t<\/section>\n\t\t\t\t<\/div>","protected":false},"excerpt":{"rendered":"<p>Works with us Our Mission Take an active part in the creation of small-scale mining projects which safely extract metals and nonmetals, harness their potential, and collaborate to maximize shareholder wealth, and sustainability, as well as the development of all investors and partners and for the American communities as a whole. We apply technology, contingency [&hellip;]<\/p>","protected":false},"author":1,"featured_media":0,"parent":71,"menu_order":0,"comment_status":"closed","ping_status":"closed","template":"","meta":{"site-sidebar-layout":"no-sidebar","site-content-layout":"page-builder","ast-site-content-layout":"default","site-content-style":"default","site-sidebar-style":"default","ast-global-header-display":"","ast-banner-title-visibility":"","ast-main-header-display":"","ast-hfb-above-header-display":"","ast-hfb-below-header-display":"","ast-hfb-mobile-header-display":"","site-post-title":"disabled","ast-breadcrumbs-content":"","ast-featured-img":"disabled","footer-sml-layout":"","ast-disable-related-posts":"","theme-transparent-header-meta":"enabled","adv-header-id-meta":"","stick-header-meta":"","header-above-stick-meta":"","header-main-stick-meta":"","header-below-stick-meta":"","astra-migrate-meta-layouts":"default","ast-page-background-enabled":"default","ast-page-background-meta":{"desktop":{"background-color":"","background-image":"","background-repeat":"repeat","background-position":"center center","background-size":"auto","background-attachment":"scroll","background-type":"","background-media":"","overlay-type":"","overlay-color":"","overlay-opacity":"","overlay-gradient":""},"tablet":{"background-color":"","background-image":"","background-repeat":"repeat","background-position":"center center","background-size":"auto","background-attachment":"scroll","background-type":"","background-media":"","overlay-type":"","overlay-color":"","overlay-opacity":"","overlay-gradient":""},"mobile":{"background-color":"","background-image":"","background-repeat":"repeat","background-position":"center center","background-size":"auto","background-attachment":"scroll","background-type":"","background-media":"","overlay-type":"","overlay-color":"","overlay-opacity":"","overlay-gradient":""}},"ast-content-background-meta":{"desktop":{"background-color":"var(--ast-global-color-5)","background-image":"","background-repeat":"repeat","background-position":"center center","background-size":"auto","background-attachment":"scroll","background-type":"","background-media":"","overlay-type":"","overlay-color":"","overlay-opacity":"","overlay-gradient":""},"tablet":{"background-color":"var(--ast-global-color-5)","background-image":"","background-repeat":"repeat","background-position":"center center","background-size":"auto","background-attachment":"scroll","background-type":"","background-media":"","overlay-type":"","overlay-color":"","overlay-opacity":"","overlay-gradient":""},"mobile":{"background-color":"var(--ast-global-color-5)","background-image":"","background-repeat":"repeat","background-position":"center center","background-size":"auto","background-attachment":"scroll","background-type":"","background-media":"","overlay-type":"","overlay-color":"","overlay-opacity":"","overlay-gradient":""}},"footnotes":""},"class_list":["post-1986","page","type-page","status-publish","hentry"],"yoast_head":"<!-- This site is optimized with the Yoast SEO plugin v26.6 - https:\/\/yoast.com\/wordpress\/plugins\/seo\/ -->\n<title>Works with us -<\/title>\n<meta name=\"robots\" content=\"index, follow, max-snippet:-1, max-image-preview:large, max-video-preview:-1\" \/>\n<link rel=\"canonical\" href=\"https:\/\/mining-investments.com\/es\/about\/works-with-us\/\" \/>\n<meta property=\"og:locale\" content=\"es_ES\" \/>\n<meta property=\"og:type\" content=\"article\" \/>\n<meta property=\"og:title\" content=\"Works with us -\" \/>\n<meta property=\"og:description\" content=\"Works with us Our Mission Take an active part in the creation of small-scale mining projects which safely extract metals and nonmetals, harness their potential, and collaborate to maximize shareholder wealth, and sustainability, as well as the development of all investors and partners and for the American communities as a whole. We apply technology, contingency [&hellip;]\" \/>\n<meta property=\"og:url\" content=\"https:\/\/mining-investments.com\/es\/about\/works-with-us\/\" \/>\n<meta property=\"article:modified_time\" content=\"2022-11-28T14:28:44+00:00\" \/>\n<meta property=\"og:image\" content=\"https:\/\/mining-investments.com\/wp-content\/uploads\/2022\/11\/brown-coal-energy-garzweiler-283211.jpg\" \/>\n<meta name=\"twitter:card\" content=\"summary_large_image\" \/>\n<meta name=\"twitter:label1\" content=\"Tiempo de lectura\" \/>\n\t<meta name=\"twitter:data1\" content=\"1 minuto\" \/>\n<script type=\"application\/ld+json\" class=\"yoast-schema-graph\">{\"@context\":\"https:\/\/schema.org\",\"@graph\":[{\"@type\":\"WebPage\",\"@id\":\"https:\/\/mining-investments.com\/about\/works-with-us\/\",\"url\":\"https:\/\/mining-investments.com\/about\/works-with-us\/\",\"name\":\"Works with us -\",\"isPartOf\":{\"@id\":\"https:\/\/mining-investments.com\/#website\"},\"primaryImageOfPage\":{\"@id\":\"https:\/\/mining-investments.com\/about\/works-with-us\/#primaryimage\"},\"image\":{\"@id\":\"https:\/\/mining-investments.com\/about\/works-with-us\/#primaryimage\"},\"thumbnailUrl\":\"https:\/\/mining-investments.com\/wp-content\/uploads\/2022\/11\/brown-coal-energy-garzweiler-283211.jpg\",\"datePublished\":\"2022-11-07T16:14:47+00:00\",\"dateModified\":\"2022-11-28T14:28:44+00:00\",\"breadcrumb\":{\"@id\":\"https:\/\/mining-investments.com\/about\/works-with-us\/#breadcrumb\"},\"inLanguage\":\"es\",\"potentialAction\":[{\"@type\":\"ReadAction\",\"target\":[\"https:\/\/mining-investments.com\/about\/works-with-us\/\"]}]},{\"@type\":\"ImageObject\",\"inLanguage\":\"es\",\"@id\":\"https:\/\/mining-investments.com\/about\/works-with-us\/#primaryimage\",\"url\":\"https:\/\/mining-investments.com\/wp-content\/uploads\/2022\/11\/brown-coal-energy-garzweiler-283211.jpg\",\"contentUrl\":\"https:\/\/mining-investments.com\/wp-content\/uploads\/2022\/11\/brown-coal-energy-garzweiler-283211.jpg\"},{\"@type\":\"BreadcrumbList\",\"@id\":\"https:\/\/mining-investments.com\/about\/works-with-us\/#breadcrumb\",\"itemListElement\":[{\"@type\":\"ListItem\",\"position\":1,\"name\":\"Home\",\"item\":\"https:\/\/mining-investments.com\/\"},{\"@type\":\"ListItem\",\"position\":2,\"name\":\"About\",\"item\":\"https:\/\/mining-investments.com\/about\/\"},{\"@type\":\"ListItem\",\"position\":3,\"name\":\"Works with us\"}]},{\"@type\":\"WebSite\",\"@id\":\"https:\/\/mining-investments.com\/#website\",\"url\":\"https:\/\/mining-investments.com\/\",\"name\":\"\",\"description\":\"\",\"potentialAction\":[{\"@type\":\"SearchAction\",\"target\":{\"@type\":\"EntryPoint\",\"urlTemplate\":\"https:\/\/mining-investments.com\/?s={search_term_string}\"},\"query-input\":{\"@type\":\"PropertyValueSpecification\",\"valueRequired\":true,\"valueName\":\"search_term_string\"}}],\"inLanguage\":\"es\"}]}<\/script>\n<!-- \/ Yoast SEO plugin. -->","yoast_head_json":{"title":"Works with us -","robots":{"index":"index","follow":"follow","max-snippet":"max-snippet:-1","max-image-preview":"max-image-preview:large","max-video-preview":"max-video-preview:-1"},"canonical":"https:\/\/mining-investments.com\/es\/about\/works-with-us\/","og_locale":"es_ES","og_type":"article","og_title":"Works with us -","og_description":"Works with us Our Mission Take an active part in the creation of small-scale mining projects which safely extract metals and nonmetals, harness their potential, and collaborate to maximize shareholder wealth, and sustainability, as well as the development of all investors and partners and for the American communities as a whole. We apply technology, contingency [&hellip;]","og_url":"https:\/\/mining-investments.com\/es\/about\/works-with-us\/","article_modified_time":"2022-11-28T14:28:44+00:00","og_image":[{"url":"https:\/\/mining-investments.com\/wp-content\/uploads\/2022\/11\/brown-coal-energy-garzweiler-283211.jpg","type":"","width":"","height":""}],"twitter_card":"summary_large_image","twitter_misc":{"Tiempo de lectura":"1 minuto"},"schema":{"@context":"https:\/\/schema.org","@graph":[{"@type":"WebPage","@id":"https:\/\/mining-investments.com\/about\/works-with-us\/","url":"https:\/\/mining-investments.com\/about\/works-with-us\/","name":"Works with us -","isPartOf":{"@id":"https:\/\/mining-investments.com\/#website"},"primaryImageOfPage":{"@id":"https:\/\/mining-investments.com\/about\/works-with-us\/#primaryimage"},"image":{"@id":"https:\/\/mining-investments.com\/about\/works-with-us\/#primaryimage"},"thumbnailUrl":"https:\/\/mining-investments.com\/wp-content\/uploads\/2022\/11\/brown-coal-energy-garzweiler-283211.jpg","datePublished":"2022-11-07T16:14:47+00:00","dateModified":"2022-11-28T14:28:44+00:00","breadcrumb":{"@id":"https:\/\/mining-investments.com\/about\/works-with-us\/#breadcrumb"},"inLanguage":"es","potentialAction":[{"@type":"ReadAction","target":["https:\/\/mining-investments.com\/about\/works-with-us\/"]}]},{"@type":"ImageObject","inLanguage":"es","@id":"https:\/\/mining-investments.com\/about\/works-with-us\/#primaryimage","url":"https:\/\/mining-investments.com\/wp-content\/uploads\/2022\/11\/brown-coal-energy-garzweiler-283211.jpg","contentUrl":"https:\/\/mining-investments.com\/wp-content\/uploads\/2022\/11\/brown-coal-energy-garzweiler-283211.jpg"},{"@type":"BreadcrumbList","@id":"https:\/\/mining-investments.com\/about\/works-with-us\/#breadcrumb","itemListElement":[{"@type":"ListItem","position":1,"name":"Home","item":"https:\/\/mining-investments.com\/"},{"@type":"ListItem","position":2,"name":"About","item":"https:\/\/mining-investments.com\/about\/"},{"@type":"ListItem","position":3,"name":"Works with us"}]},{"@type":"WebSite","@id":"https:\/\/mining-investments.com\/#website","url":"https:\/\/mining-investments.com\/","name":"","description":"","potentialAction":[{"@type":"SearchAction","target":{"@type":"EntryPoint","urlTemplate":"https:\/\/mining-investments.com\/?s={search_term_string}"},"query-input":{"@type":"PropertyValueSpecification","valueRequired":true,"valueName":"search_term_string"}}],"inLanguage":"es"}]}},"_links":{"self":[{"href":"https:\/\/mining-investments.com\/es\/wp-json\/wp\/v2\/pages\/1986","targetHints":{"allow":["GET"]}}],"collection":[{"href":"https:\/\/mining-investments.com\/es\/wp-json\/wp\/v2\/pages"}],"about":[{"href":"https:\/\/mining-investments.com\/es\/wp-json\/wp\/v2\/types\/page"}],"author":[{"embeddable":true,"href":"https:\/\/mining-investments.com\/es\/wp-json\/wp\/v2\/users\/1"}],"replies":[{"embeddable":true,"href":"https:\/\/mining-investments.com\/es\/wp-json\/wp\/v2\/comments?post=1986"}],"version-history":[{"count":10,"href":"https:\/\/mining-investments.com\/es\/wp-json\/wp\/v2\/pages\/1986\/revisions"}],"predecessor-version":[{"id":2110,"href":"https:\/\/mining-investments.com\/es\/wp-json\/wp\/v2\/pages\/1986\/revisions\/2110"}],"up":[{"embeddable":true,"href":"https:\/\/mining-investments.com\/es\/wp-json\/wp\/v2\/pages\/71"}],"wp:attachment":[{"href":"https:\/\/mining-investments.com\/es\/wp-json\/wp\/v2\/media?parent=1986"}],"curies":[{"name":"wp","href":"https:\/\/api.w.org\/{rel}","templated":true}]}}