{"id":2050,"date":"2022-11-07T16:52:55","date_gmt":"2022-11-07T16:52:55","guid":{"rendered":"https:\/\/mining-investments.com\/?page_id=2050"},"modified":"2022-11-28T15:28:34","modified_gmt":"2022-11-28T15:28:34","slug":"miners","status":"publish","type":"page","link":"https:\/\/mining-investments.com\/es\/miners\/","title":{"rendered":"Mineros"},"content":{"rendered":"<div data-elementor-type=\"wp-post\" data-elementor-id=\"2050\" class=\"elementor elementor-2050\">\n\t\t\t\t\t\t<section class=\"elementor-section elementor-top-section elementor-element elementor-element-7116a5b2 elementor-section-boxed elementor-section-height-default elementor-section-height-default\" data-id=\"7116a5b2\" data-element_type=\"section\" data-settings=\"{&quot;background_background&quot;:&quot;classic&quot;}\">\n\t\t\t\t\t\t\t<div class=\"elementor-background-overlay\"><\/div>\n\t\t\t\t\t\t\t<div class=\"elementor-container elementor-column-gap-no\">\n\t\t\t\t\t<div class=\"elementor-column elementor-col-100 elementor-top-column elementor-element elementor-element-6439be06\" data-id=\"6439be06\" data-element_type=\"column\" data-settings=\"{&quot;background_background&quot;:&quot;classic&quot;}\">\n\t\t\t<div class=\"elementor-widget-wrap elementor-element-populated\">\n\t\t\t\t\t\t<div class=\"elementor-element elementor-element-198df6ee elementor-widget elementor-widget-heading\" data-id=\"198df6ee\" data-element_type=\"widget\" data-widget_type=\"heading.default\">\n\t\t\t\t<div class=\"elementor-widget-container\">\n\t\t\t\t\t<h1 class=\"elementor-heading-title elementor-size-default\">Mineros <\/h1>\t\t\t\t<\/div>\n\t\t\t\t<\/div>\n\t\t\t\t\t<\/div>\n\t\t<\/div>\n\t\t\t\t\t<\/div>\n\t\t<\/section>\n\t\t\t\t<section class=\"elementor-section elementor-top-section elementor-element elementor-element-871babd elementor-section-boxed elementor-section-height-default elementor-section-height-default\" data-id=\"871babd\" data-element_type=\"section\">\n\t\t\t\t\t\t<div class=\"elementor-container elementor-column-gap-no\">\n\t\t\t\t\t<div class=\"elementor-column elementor-col-50 elementor-top-column elementor-element elementor-element-77e3bb83\" data-id=\"77e3bb83\" data-element_type=\"column\">\n\t\t\t<div class=\"elementor-widget-wrap elementor-element-populated\">\n\t\t\t\t\t\t<div class=\"elementor-element elementor-element-2d9347f6 elementor-widget elementor-widget-image\" data-id=\"2d9347f6\" data-element_type=\"widget\" data-widget_type=\"image.default\">\n\t\t\t\t<div class=\"elementor-widget-container\">\n\t\t\t\t\t\t\t\t\t\t\t\t\t\t\t<img fetchpriority=\"high\" decoding=\"async\" width=\"853\" height=\"1280\" src=\"https:\/\/mining-investments.com\/wp-content\/uploads\/2022\/11\/excavators-mountain-debris-5426906.jpg\" class=\"attachment-full size-full wp-image-2174\" alt=\"excavators, mountain, debris-5426906.jpg\" srcset=\"https:\/\/mining-investments.com\/wp-content\/uploads\/2022\/11\/excavators-mountain-debris-5426906.jpg 853w, https:\/\/mining-investments.com\/wp-content\/uploads\/2022\/11\/excavators-mountain-debris-5426906-200x300.jpg 200w, https:\/\/mining-investments.com\/wp-content\/uploads\/2022\/11\/excavators-mountain-debris-5426906-682x1024.jpg 682w, https:\/\/mining-investments.com\/wp-content\/uploads\/2022\/11\/excavators-mountain-debris-5426906-768x1152.jpg 768w\" sizes=\"(max-width: 853px) 100vw, 853px\" \/>\t\t\t\t\t\t\t\t\t\t\t\t\t\t\t<\/div>\n\t\t\t\t<\/div>\n\t\t\t\t\t<\/div>\n\t\t<\/div>\n\t\t\t\t<div class=\"elementor-column elementor-col-50 elementor-top-column elementor-element elementor-element-7e966216\" data-id=\"7e966216\" data-element_type=\"column\">\n\t\t\t<div class=\"elementor-widget-wrap elementor-element-populated\">\n\t\t\t\t\t\t<div class=\"elementor-element elementor-element-59a74dcd elementor-widget elementor-widget-heading\" data-id=\"59a74dcd\" data-element_type=\"widget\" data-widget_type=\"heading.default\">\n\t\t\t\t<div class=\"elementor-widget-container\">\n\t\t\t\t\t<h2 class=\"elementor-heading-title elementor-size-default\">Nuestros Mineros<\/h2>\t\t\t\t<\/div>\n\t\t\t\t<\/div>\n\t\t\t\t<div class=\"elementor-element elementor-element-46d8a17c elementor-widget-divider--view-line elementor-widget elementor-widget-divider\" data-id=\"46d8a17c\" data-element_type=\"widget\" data-widget_type=\"divider.default\">\n\t\t\t\t<div class=\"elementor-widget-container\">\n\t\t\t\t\t\t\t<div class=\"elementor-divider\">\n\t\t\t<span class=\"elementor-divider-separator\">\n\t\t\t\t\t\t<\/span>\n\t\t<\/div>\n\t\t\t\t\t\t<\/div>\n\t\t\t\t<\/div>\n\t\t\t\t<div class=\"elementor-element elementor-element-4bef784e elementor-widget elementor-widget-text-editor\" data-id=\"4bef784e\" data-element_type=\"widget\" data-widget_type=\"text-editor.default\">\n\t\t\t\t<div class=\"elementor-widget-container\">\n\t\t\t\t\t\t\t\t\t<p><span style=\"font-weight: 400;\">Impulsar esta nueva Filosof\u00eda Minera, rentable e innovadora, para garantizar una extracci\u00f3n segura, r\u00e1pida rentabilidad, y los mismos par\u00e1metros de la Gran Miner\u00eda y solo podemos lograr de la mano de los trabajadores como nuestros socios en el negocio y lograr un mutuo y largo relaci\u00f3n de t\u00e9rmino. Porque con nuestro conocimiento del negocio y el conocimiento de nuestros compa\u00f1eros mineros lograremos un nivel de crecimiento en esta actividad, y generaremos riqueza y creceremos en todo el continente. La excelencia operativa es la meta de cada proceso. Incrementar la productividad a trav\u00e9s de la innovaci\u00f3n y el uso de nuevas herramientas digitales. <\/span><span style=\"font-weight: 400;\"><br \/><\/span><span style=\"font-weight: 400;\">Trabajar en una visi\u00f3n corporativa de responsabilidad social empresarial, responsabilidad ambiental y grupos de inter\u00e9s con transparencia en la informaci\u00f3n financiera y operativa de las empresas. Asegurar la inclusi\u00f3n requiere trabajo interno, igualdad y seguridad en el trabajo. <\/span><span style=\"font-weight: 400;\"><br \/><\/span><span style=\"font-weight: 400;\">&nbsp;<\/span><span style=\"font-weight: 400;\"><br \/><\/span><span style=\"font-weight: 400;\">&nbsp;<\/span><span style=\"font-weight: 400;\"><br \/><\/span><span style=\"font-weight: 400;\">&nbsp;<\/span><span style=\"font-weight: 400;\"><br \/><\/span><span style=\"font-weight: 400;\">&nbsp; <\/span><span style=\"font-weight: 400;\"><br \/><\/span><span style=\"font-weight: 400;\">El reconocimiento de la poblaci\u00f3n local y la defensa del medio ambiente siempre proporcionar\u00e1n a cualquier empresa minera una ventaja competitiva. Adem\u00e1s, es una tendencia que hoy en d\u00eda se ha convertido en la principal raz\u00f3n de ser de todas las administraciones. Hoy, el 95% de los peque\u00f1os mineros de Am\u00e9rica Latina est\u00e1n desempleados. Las principales razones son la falta de tecnolog\u00eda, escasez de redes comerciales, lejan\u00eda de la potencia exportadora, falta de know-how de \u00faltima generaci\u00f3n y, finalmente, falta de capital de trabajo para poner en marcha sus minas. En LIG ofrecemos una estrategia excepcional para los peque\u00f1os mineros, que incluye todos los servicios y equipos necesarios para crear y mantenerse competitivos en el mercado sin desaparecer.\u00a0<\/span><span style=\"font-weight: 400;\"><br \/><\/span><\/p>\t\t\t\t\t\t\t\t<\/div>\n\t\t\t\t<\/div>\n\t\t\t\t\t<\/div>\n\t\t<\/div>\n\t\t\t\t\t<\/div>\n\t\t<\/section>\n\t\t\t\t<\/div>","protected":false},"excerpt":{"rendered":"<p>Miners Our miners To promote this new Mining Philosophy, profitable and innovative, to guarantee a safe extraction, fast profitability, and the same parameters of Big Mining and we can only achieve hand in hand with the workers as our partners in the business and achieve a mutual and long term relationship. Because with our business [&hellip;]<\/p>","protected":false},"author":1,"featured_media":0,"parent":0,"menu_order":0,"comment_status":"closed","ping_status":"closed","template":"","meta":{"site-sidebar-layout":"no-sidebar","site-content-layout":"page-builder","ast-site-content-layout":"default","site-content-style":"default","site-sidebar-style":"default","ast-global-header-display":"","ast-banner-title-visibility":"","ast-main-header-display":"","ast-hfb-above-header-display":"","ast-hfb-below-header-display":"","ast-hfb-mobile-header-display":"","site-post-title":"disabled","ast-breadcrumbs-content":"","ast-featured-img":"disabled","footer-sml-layout":"","ast-disable-related-posts":"","theme-transparent-header-meta":"enabled","adv-header-id-meta":"","stick-header-meta":"","header-above-stick-meta":"","header-main-stick-meta":"","header-below-stick-meta":"","astra-migrate-meta-layouts":"default","ast-page-background-enabled":"default","ast-page-background-meta":{"desktop":{"background-color":"","background-image":"","background-repeat":"repeat","background-position":"center center","background-size":"auto","background-attachment":"scroll","background-type":"","background-media":"","overlay-type":"","overlay-color":"","overlay-opacity":"","overlay-gradient":""},"tablet":{"background-color":"","background-image":"","background-repeat":"repeat","background-position":"center center","background-size":"auto","background-attachment":"scroll","background-type":"","background-media":"","overlay-type":"","overlay-color":"","overlay-opacity":"","overlay-gradient":""},"mobile":{"background-color":"","background-image":"","background-repeat":"repeat","background-position":"center center","background-size":"auto","background-attachment":"scroll","background-type":"","background-media":"","overlay-type":"","overlay-color":"","overlay-opacity":"","overlay-gradient":""}},"ast-content-background-meta":{"desktop":{"background-color":"var(--ast-global-color-5)","background-image":"","background-repeat":"repeat","background-position":"center center","background-size":"auto","background-attachment":"scroll","background-type":"","background-media":"","overlay-type":"","overlay-color":"","overlay-opacity":"","overlay-gradient":""},"tablet":{"background-color":"var(--ast-global-color-5)","background-image":"","background-repeat":"repeat","background-position":"center center","background-size":"auto","background-attachment":"scroll","background-type":"","background-media":"","overlay-type":"","overlay-color":"","overlay-opacity":"","overlay-gradient":""},"mobile":{"background-color":"var(--ast-global-color-5)","background-image":"","background-repeat":"repeat","background-position":"center center","background-size":"auto","background-attachment":"scroll","background-type":"","background-media":"","overlay-type":"","overlay-color":"","overlay-opacity":"","overlay-gradient":""}},"footnotes":""},"class_list":["post-2050","page","type-page","status-publish","hentry"],"yoast_head":"<!-- This site is optimized with the Yoast SEO plugin v26.6 - https:\/\/yoast.com\/wordpress\/plugins\/seo\/ -->\n<title>Miners -<\/title>\n<meta name=\"robots\" content=\"index, follow, max-snippet:-1, max-image-preview:large, max-video-preview:-1\" \/>\n<link rel=\"canonical\" href=\"https:\/\/mining-investments.com\/es\/miners\/\" \/>\n<meta property=\"og:locale\" content=\"es_ES\" \/>\n<meta property=\"og:type\" content=\"article\" \/>\n<meta property=\"og:title\" content=\"Miners -\" \/>\n<meta property=\"og:description\" content=\"Miners Our miners To promote this new Mining Philosophy, profitable and innovative, to guarantee a safe extraction, fast profitability, and the same parameters of Big Mining and we can only achieve hand in hand with the workers as our partners in the business and achieve a mutual and long term relationship. Because with our business [&hellip;]\" \/>\n<meta property=\"og:url\" content=\"https:\/\/mining-investments.com\/es\/miners\/\" \/>\n<meta property=\"article:modified_time\" content=\"2022-11-28T15:28:34+00:00\" \/>\n<meta property=\"og:image\" content=\"https:\/\/mining-investments.com\/wp-content\/uploads\/2022\/11\/excavators-mountain-debris-5426906.jpg\" \/>\n<meta name=\"twitter:card\" content=\"summary_large_image\" \/>\n<meta name=\"twitter:label1\" content=\"Tiempo de lectura\" \/>\n\t<meta name=\"twitter:data1\" content=\"2 minutos\" \/>\n<script type=\"application\/ld+json\" class=\"yoast-schema-graph\">{\"@context\":\"https:\/\/schema.org\",\"@graph\":[{\"@type\":\"WebPage\",\"@id\":\"https:\/\/mining-investments.com\/miners\/\",\"url\":\"https:\/\/mining-investments.com\/miners\/\",\"name\":\"Miners -\",\"isPartOf\":{\"@id\":\"https:\/\/mining-investments.com\/#website\"},\"primaryImageOfPage\":{\"@id\":\"https:\/\/mining-investments.com\/miners\/#primaryimage\"},\"image\":{\"@id\":\"https:\/\/mining-investments.com\/miners\/#primaryimage\"},\"thumbnailUrl\":\"https:\/\/mining-investments.com\/wp-content\/uploads\/2022\/11\/excavators-mountain-debris-5426906.jpg\",\"datePublished\":\"2022-11-07T16:52:55+00:00\",\"dateModified\":\"2022-11-28T15:28:34+00:00\",\"breadcrumb\":{\"@id\":\"https:\/\/mining-investments.com\/miners\/#breadcrumb\"},\"inLanguage\":\"es\",\"potentialAction\":[{\"@type\":\"ReadAction\",\"target\":[\"https:\/\/mining-investments.com\/miners\/\"]}]},{\"@type\":\"ImageObject\",\"inLanguage\":\"es\",\"@id\":\"https:\/\/mining-investments.com\/miners\/#primaryimage\",\"url\":\"https:\/\/mining-investments.com\/wp-content\/uploads\/2022\/11\/excavators-mountain-debris-5426906.jpg\",\"contentUrl\":\"https:\/\/mining-investments.com\/wp-content\/uploads\/2022\/11\/excavators-mountain-debris-5426906.jpg\"},{\"@type\":\"BreadcrumbList\",\"@id\":\"https:\/\/mining-investments.com\/miners\/#breadcrumb\",\"itemListElement\":[{\"@type\":\"ListItem\",\"position\":1,\"name\":\"Home\",\"item\":\"https:\/\/mining-investments.com\/\"},{\"@type\":\"ListItem\",\"position\":2,\"name\":\"Miners\"}]},{\"@type\":\"WebSite\",\"@id\":\"https:\/\/mining-investments.com\/#website\",\"url\":\"https:\/\/mining-investments.com\/\",\"name\":\"\",\"description\":\"\",\"potentialAction\":[{\"@type\":\"SearchAction\",\"target\":{\"@type\":\"EntryPoint\",\"urlTemplate\":\"https:\/\/mining-investments.com\/?s={search_term_string}\"},\"query-input\":{\"@type\":\"PropertyValueSpecification\",\"valueRequired\":true,\"valueName\":\"search_term_string\"}}],\"inLanguage\":\"es\"}]}<\/script>\n<!-- \/ Yoast SEO plugin. -->","yoast_head_json":{"title":"Miners -","robots":{"index":"index","follow":"follow","max-snippet":"max-snippet:-1","max-image-preview":"max-image-preview:large","max-video-preview":"max-video-preview:-1"},"canonical":"https:\/\/mining-investments.com\/es\/miners\/","og_locale":"es_ES","og_type":"article","og_title":"Miners -","og_description":"Miners Our miners To promote this new Mining Philosophy, profitable and innovative, to guarantee a safe extraction, fast profitability, and the same parameters of Big Mining and we can only achieve hand in hand with the workers as our partners in the business and achieve a mutual and long term relationship. Because with our business [&hellip;]","og_url":"https:\/\/mining-investments.com\/es\/miners\/","article_modified_time":"2022-11-28T15:28:34+00:00","og_image":[{"url":"https:\/\/mining-investments.com\/wp-content\/uploads\/2022\/11\/excavators-mountain-debris-5426906.jpg","type":"","width":"","height":""}],"twitter_card":"summary_large_image","twitter_misc":{"Tiempo de lectura":"2 minutos"},"schema":{"@context":"https:\/\/schema.org","@graph":[{"@type":"WebPage","@id":"https:\/\/mining-investments.com\/miners\/","url":"https:\/\/mining-investments.com\/miners\/","name":"Miners -","isPartOf":{"@id":"https:\/\/mining-investments.com\/#website"},"primaryImageOfPage":{"@id":"https:\/\/mining-investments.com\/miners\/#primaryimage"},"image":{"@id":"https:\/\/mining-investments.com\/miners\/#primaryimage"},"thumbnailUrl":"https:\/\/mining-investments.com\/wp-content\/uploads\/2022\/11\/excavators-mountain-debris-5426906.jpg","datePublished":"2022-11-07T16:52:55+00:00","dateModified":"2022-11-28T15:28:34+00:00","breadcrumb":{"@id":"https:\/\/mining-investments.com\/miners\/#breadcrumb"},"inLanguage":"es","potentialAction":[{"@type":"ReadAction","target":["https:\/\/mining-investments.com\/miners\/"]}]},{"@type":"ImageObject","inLanguage":"es","@id":"https:\/\/mining-investments.com\/miners\/#primaryimage","url":"https:\/\/mining-investments.com\/wp-content\/uploads\/2022\/11\/excavators-mountain-debris-5426906.jpg","contentUrl":"https:\/\/mining-investments.com\/wp-content\/uploads\/2022\/11\/excavators-mountain-debris-5426906.jpg"},{"@type":"BreadcrumbList","@id":"https:\/\/mining-investments.com\/miners\/#breadcrumb","itemListElement":[{"@type":"ListItem","position":1,"name":"Home","item":"https:\/\/mining-investments.com\/"},{"@type":"ListItem","position":2,"name":"Miners"}]},{"@type":"WebSite","@id":"https:\/\/mining-investments.com\/#website","url":"https:\/\/mining-investments.com\/","name":"","description":"","potentialAction":[{"@type":"SearchAction","target":{"@type":"EntryPoint","urlTemplate":"https:\/\/mining-investments.com\/?s={search_term_string}"},"query-input":{"@type":"PropertyValueSpecification","valueRequired":true,"valueName":"search_term_string"}}],"inLanguage":"es"}]}},"_links":{"self":[{"href":"https:\/\/mining-investments.com\/es\/wp-json\/wp\/v2\/pages\/2050","targetHints":{"allow":["GET"]}}],"collection":[{"href":"https:\/\/mining-investments.com\/es\/wp-json\/wp\/v2\/pages"}],"about":[{"href":"https:\/\/mining-investments.com\/es\/wp-json\/wp\/v2\/types\/page"}],"author":[{"embeddable":true,"href":"https:\/\/mining-investments.com\/es\/wp-json\/wp\/v2\/users\/1"}],"replies":[{"embeddable":true,"href":"https:\/\/mining-investments.com\/es\/wp-json\/wp\/v2\/comments?post=2050"}],"version-history":[{"count":10,"href":"https:\/\/mining-investments.com\/es\/wp-json\/wp\/v2\/pages\/2050\/revisions"}],"predecessor-version":[{"id":2180,"href":"https:\/\/mining-investments.com\/es\/wp-json\/wp\/v2\/pages\/2050\/revisions\/2180"}],"wp:attachment":[{"href":"https:\/\/mining-investments.com\/es\/wp-json\/wp\/v2\/media?parent=2050"}],"curies":[{"name":"wp","href":"https:\/\/api.w.org\/{rel}","templated":true}]}}