{"id":2057,"date":"2022-11-07T16:55:25","date_gmt":"2022-11-07T16:55:25","guid":{"rendered":"https:\/\/mining-investments.com\/?page_id=2057"},"modified":"2022-11-28T15:32:20","modified_gmt":"2022-11-28T15:32:20","slug":"investment","status":"publish","type":"page","link":"https:\/\/mining-investments.com\/es\/investment\/","title":{"rendered":"Inversi\u00f3n"},"content":{"rendered":"<div data-elementor-type=\"wp-post\" data-elementor-id=\"2057\" class=\"elementor elementor-2057\">\n\t\t\t\t\t\t<section class=\"elementor-section elementor-top-section elementor-element elementor-element-7116a5b2 elementor-section-boxed elementor-section-height-default elementor-section-height-default\" data-id=\"7116a5b2\" data-element_type=\"section\" data-settings=\"{&quot;background_background&quot;:&quot;classic&quot;}\">\n\t\t\t\t\t\t\t<div class=\"elementor-background-overlay\"><\/div>\n\t\t\t\t\t\t\t<div class=\"elementor-container elementor-column-gap-no\">\n\t\t\t\t\t<div class=\"elementor-column elementor-col-100 elementor-top-column elementor-element elementor-element-6439be06\" data-id=\"6439be06\" data-element_type=\"column\" data-settings=\"{&quot;background_background&quot;:&quot;classic&quot;}\">\n\t\t\t<div class=\"elementor-widget-wrap elementor-element-populated\">\n\t\t\t\t\t\t<div class=\"elementor-element elementor-element-198df6ee elementor-widget elementor-widget-heading\" data-id=\"198df6ee\" data-element_type=\"widget\" data-widget_type=\"heading.default\">\n\t\t\t\t<div class=\"elementor-widget-container\">\n\t\t\t\t\t<h1 class=\"elementor-heading-title elementor-size-default\">Inversi\u00f3n<\/h1>\t\t\t\t<\/div>\n\t\t\t\t<\/div>\n\t\t\t\t\t<\/div>\n\t\t<\/div>\n\t\t\t\t\t<\/div>\n\t\t<\/section>\n\t\t\t\t<section class=\"elementor-section elementor-top-section elementor-element elementor-element-871babd elementor-section-boxed elementor-section-height-default elementor-section-height-default\" data-id=\"871babd\" data-element_type=\"section\">\n\t\t\t\t\t\t<div class=\"elementor-container elementor-column-gap-no\">\n\t\t\t\t\t<div class=\"elementor-column elementor-col-50 elementor-top-column elementor-element elementor-element-7e966216\" data-id=\"7e966216\" data-element_type=\"column\">\n\t\t\t<div class=\"elementor-widget-wrap elementor-element-populated\">\n\t\t\t\t\t\t<div class=\"elementor-element elementor-element-59a74dcd elementor-widget elementor-widget-heading\" data-id=\"59a74dcd\" data-element_type=\"widget\" data-widget_type=\"heading.default\">\n\t\t\t\t<div class=\"elementor-widget-container\">\n\t\t\t\t\t<h2 class=\"elementor-heading-title elementor-size-default\">\u00bfPor Qu\u00e9 Invertir En Miner\u00eda?<\/h2>\t\t\t\t<\/div>\n\t\t\t\t<\/div>\n\t\t\t\t<div class=\"elementor-element elementor-element-46d8a17c elementor-widget-divider--view-line elementor-widget elementor-widget-divider\" data-id=\"46d8a17c\" data-element_type=\"widget\" data-widget_type=\"divider.default\">\n\t\t\t\t<div class=\"elementor-widget-container\">\n\t\t\t\t\t\t\t<div class=\"elementor-divider\">\n\t\t\t<span class=\"elementor-divider-separator\">\n\t\t\t\t\t\t<\/span>\n\t\t<\/div>\n\t\t\t\t\t\t<\/div>\n\t\t\t\t<\/div>\n\t\t\t\t<div class=\"elementor-element elementor-element-4bef784e elementor-widget elementor-widget-text-editor\" data-id=\"4bef784e\" data-element_type=\"widget\" data-widget_type=\"text-editor.default\">\n\t\t\t\t<div class=\"elementor-widget-container\">\n\t\t\t\t\t\t\t\t\t<p><span style=\"font-weight: 400;\">Durante muchos a\u00f1os ha existido la idea de que solo es posible ser inversionista si se tiene una gran cantidad de capital, especialmente cuando se trata de miner\u00eda. Y ese es el primer paradigma que estamos rompiendo. En LIG hemos democratizado la inversi\u00f3n en miner\u00eda, dando acceso a cualquier persona a esta industria nacional y americana, a trav\u00e9s de planes en los que es posible participar con montos que van desde USD 1.000, con excelentes tasas de retorno y riesgo CERO.<\/span><span style=\"font-weight: 400;\"><br \/><\/span><span style=\"font-weight: 400;\">Y ese es el segundo paradigma que estamos rompiendo. Invertir con LIG tiene riesgo \u201cCERO\u201d. Porque dependiendo del plan, y con un tope de USD 500 mil, garantizamos una tasa de retorno en todo evento, independientemente de fluctuaciones en el valor de los metales, contingencias puntuales o pandemias globales. Es por eso que ahora llamamos a nuestros peque\u00f1os inversionistas FINANCIEROS, porque son socios que financian diferentes etapas del desarrollo de un proyecto minero, obteniendo ganancias garantizadas y el retorno de su capital en plazos cortos, previamente definidos.<\/span><\/p>\t\t\t\t\t\t\t\t<\/div>\n\t\t\t\t<\/div>\n\t\t\t\t\t<\/div>\n\t\t<\/div>\n\t\t\t\t<div class=\"elementor-column elementor-col-50 elementor-top-column elementor-element elementor-element-77e3bb83\" data-id=\"77e3bb83\" data-element_type=\"column\">\n\t\t\t<div class=\"elementor-widget-wrap elementor-element-populated\">\n\t\t\t\t\t\t<div class=\"elementor-element elementor-element-2d9347f6 elementor-widget elementor-widget-image\" data-id=\"2d9347f6\" data-element_type=\"widget\" data-widget_type=\"image.default\">\n\t\t\t\t<div class=\"elementor-widget-container\">\n\t\t\t\t\t\t\t\t\t\t\t\t\t\t\t<img fetchpriority=\"high\" decoding=\"async\" width=\"960\" height=\"1280\" src=\"https:\/\/mining-investments.com\/wp-content\/uploads\/2022\/11\/open-pit-mining-excavator-industry-2745412.jpg\" class=\"attachment-full size-full wp-image-2181\" alt=\"open pit mining, excavator, industry-2745412.jpg\" srcset=\"https:\/\/mining-investments.com\/wp-content\/uploads\/2022\/11\/open-pit-mining-excavator-industry-2745412.jpg 960w, https:\/\/mining-investments.com\/wp-content\/uploads\/2022\/11\/open-pit-mining-excavator-industry-2745412-225x300.jpg 225w, https:\/\/mining-investments.com\/wp-content\/uploads\/2022\/11\/open-pit-mining-excavator-industry-2745412-768x1024.jpg 768w\" sizes=\"(max-width: 960px) 100vw, 960px\" \/>\t\t\t\t\t\t\t\t\t\t\t\t\t\t\t<\/div>\n\t\t\t\t<\/div>\n\t\t\t\t\t<\/div>\n\t\t<\/div>\n\t\t\t\t\t<\/div>\n\t\t<\/section>\n\t\t\t\t<\/div>","protected":false},"excerpt":{"rendered":"<p>Investment Why invest in mining? For many years there has been the idea that it is only possible to be an investor if you have large amounts of capital, especially when it comes to mining. And that is the first paradigm we are breaking. At LIG we have democratized investment in mining, giving anyone access [&hellip;]<\/p>","protected":false},"author":1,"featured_media":0,"parent":0,"menu_order":0,"comment_status":"closed","ping_status":"closed","template":"","meta":{"site-sidebar-layout":"no-sidebar","site-content-layout":"page-builder","ast-site-content-layout":"default","site-content-style":"default","site-sidebar-style":"default","ast-global-header-display":"","ast-banner-title-visibility":"","ast-main-header-display":"","ast-hfb-above-header-display":"","ast-hfb-below-header-display":"","ast-hfb-mobile-header-display":"","site-post-title":"disabled","ast-breadcrumbs-content":"","ast-featured-img":"disabled","footer-sml-layout":"","ast-disable-related-posts":"","theme-transparent-header-meta":"enabled","adv-header-id-meta":"","stick-header-meta":"","header-above-stick-meta":"","header-main-stick-meta":"","header-below-stick-meta":"","astra-migrate-meta-layouts":"default","ast-page-background-enabled":"default","ast-page-background-meta":{"desktop":{"background-color":"","background-image":"","background-repeat":"repeat","background-position":"center center","background-size":"auto","background-attachment":"scroll","background-type":"","background-media":"","overlay-type":"","overlay-color":"","overlay-opacity":"","overlay-gradient":""},"tablet":{"background-color":"","background-image":"","background-repeat":"repeat","background-position":"center center","background-size":"auto","background-attachment":"scroll","background-type":"","background-media":"","overlay-type":"","overlay-color":"","overlay-opacity":"","overlay-gradient":""},"mobile":{"background-color":"","background-image":"","background-repeat":"repeat","background-position":"center center","background-size":"auto","background-attachment":"scroll","background-type":"","background-media":"","overlay-type":"","overlay-color":"","overlay-opacity":"","overlay-gradient":""}},"ast-content-background-meta":{"desktop":{"background-color":"var(--ast-global-color-5)","background-image":"","background-repeat":"repeat","background-position":"center center","background-size":"auto","background-attachment":"scroll","background-type":"","background-media":"","overlay-type":"","overlay-color":"","overlay-opacity":"","overlay-gradient":""},"tablet":{"background-color":"var(--ast-global-color-5)","background-image":"","background-repeat":"repeat","background-position":"center center","background-size":"auto","background-attachment":"scroll","background-type":"","background-media":"","overlay-type":"","overlay-color":"","overlay-opacity":"","overlay-gradient":""},"mobile":{"background-color":"var(--ast-global-color-5)","background-image":"","background-repeat":"repeat","background-position":"center center","background-size":"auto","background-attachment":"scroll","background-type":"","background-media":"","overlay-type":"","overlay-color":"","overlay-opacity":"","overlay-gradient":""}},"footnotes":""},"class_list":["post-2057","page","type-page","status-publish","hentry"],"yoast_head":"<!-- This site is optimized with the Yoast SEO plugin v26.6 - https:\/\/yoast.com\/wordpress\/plugins\/seo\/ -->\n<title>Investment -<\/title>\n<meta name=\"robots\" content=\"index, follow, max-snippet:-1, max-image-preview:large, max-video-preview:-1\" \/>\n<link rel=\"canonical\" href=\"https:\/\/mining-investments.com\/es\/investment\/\" \/>\n<meta property=\"og:locale\" content=\"es_ES\" \/>\n<meta property=\"og:type\" content=\"article\" \/>\n<meta property=\"og:title\" content=\"Investment -\" \/>\n<meta property=\"og:description\" content=\"Investment Why invest in mining? For many years there has been the idea that it is only possible to be an investor if you have large amounts of capital, especially when it comes to mining. And that is the first paradigm we are breaking. At LIG we have democratized investment in mining, giving anyone access [&hellip;]\" \/>\n<meta property=\"og:url\" content=\"https:\/\/mining-investments.com\/es\/investment\/\" \/>\n<meta property=\"article:modified_time\" content=\"2022-11-28T15:32:20+00:00\" \/>\n<meta property=\"og:image\" content=\"https:\/\/mining-investments.com\/wp-content\/uploads\/2022\/11\/open-pit-mining-excavator-industry-2745412.jpg\" \/>\n<meta name=\"twitter:card\" content=\"summary_large_image\" \/>\n<meta name=\"twitter:label1\" content=\"Tiempo de lectura\" \/>\n\t<meta name=\"twitter:data1\" content=\"1 minuto\" \/>\n<script type=\"application\/ld+json\" class=\"yoast-schema-graph\">{\"@context\":\"https:\/\/schema.org\",\"@graph\":[{\"@type\":\"WebPage\",\"@id\":\"https:\/\/mining-investments.com\/investment\/\",\"url\":\"https:\/\/mining-investments.com\/investment\/\",\"name\":\"Investment -\",\"isPartOf\":{\"@id\":\"https:\/\/mining-investments.com\/#website\"},\"primaryImageOfPage\":{\"@id\":\"https:\/\/mining-investments.com\/investment\/#primaryimage\"},\"image\":{\"@id\":\"https:\/\/mining-investments.com\/investment\/#primaryimage\"},\"thumbnailUrl\":\"https:\/\/mining-investments.com\/wp-content\/uploads\/2022\/11\/open-pit-mining-excavator-industry-2745412.jpg\",\"datePublished\":\"2022-11-07T16:55:25+00:00\",\"dateModified\":\"2022-11-28T15:32:20+00:00\",\"breadcrumb\":{\"@id\":\"https:\/\/mining-investments.com\/investment\/#breadcrumb\"},\"inLanguage\":\"es\",\"potentialAction\":[{\"@type\":\"ReadAction\",\"target\":[\"https:\/\/mining-investments.com\/investment\/\"]}]},{\"@type\":\"ImageObject\",\"inLanguage\":\"es\",\"@id\":\"https:\/\/mining-investments.com\/investment\/#primaryimage\",\"url\":\"https:\/\/mining-investments.com\/wp-content\/uploads\/2022\/11\/open-pit-mining-excavator-industry-2745412.jpg\",\"contentUrl\":\"https:\/\/mining-investments.com\/wp-content\/uploads\/2022\/11\/open-pit-mining-excavator-industry-2745412.jpg\"},{\"@type\":\"BreadcrumbList\",\"@id\":\"https:\/\/mining-investments.com\/investment\/#breadcrumb\",\"itemListElement\":[{\"@type\":\"ListItem\",\"position\":1,\"name\":\"Home\",\"item\":\"https:\/\/mining-investments.com\/\"},{\"@type\":\"ListItem\",\"position\":2,\"name\":\"Investment\"}]},{\"@type\":\"WebSite\",\"@id\":\"https:\/\/mining-investments.com\/#website\",\"url\":\"https:\/\/mining-investments.com\/\",\"name\":\"\",\"description\":\"\",\"potentialAction\":[{\"@type\":\"SearchAction\",\"target\":{\"@type\":\"EntryPoint\",\"urlTemplate\":\"https:\/\/mining-investments.com\/?s={search_term_string}\"},\"query-input\":{\"@type\":\"PropertyValueSpecification\",\"valueRequired\":true,\"valueName\":\"search_term_string\"}}],\"inLanguage\":\"es\"}]}<\/script>\n<!-- \/ Yoast SEO plugin. -->","yoast_head_json":{"title":"Investment -","robots":{"index":"index","follow":"follow","max-snippet":"max-snippet:-1","max-image-preview":"max-image-preview:large","max-video-preview":"max-video-preview:-1"},"canonical":"https:\/\/mining-investments.com\/es\/investment\/","og_locale":"es_ES","og_type":"article","og_title":"Investment -","og_description":"Investment Why invest in mining? For many years there has been the idea that it is only possible to be an investor if you have large amounts of capital, especially when it comes to mining. And that is the first paradigm we are breaking. At LIG we have democratized investment in mining, giving anyone access [&hellip;]","og_url":"https:\/\/mining-investments.com\/es\/investment\/","article_modified_time":"2022-11-28T15:32:20+00:00","og_image":[{"url":"https:\/\/mining-investments.com\/wp-content\/uploads\/2022\/11\/open-pit-mining-excavator-industry-2745412.jpg","type":"","width":"","height":""}],"twitter_card":"summary_large_image","twitter_misc":{"Tiempo de lectura":"1 minuto"},"schema":{"@context":"https:\/\/schema.org","@graph":[{"@type":"WebPage","@id":"https:\/\/mining-investments.com\/investment\/","url":"https:\/\/mining-investments.com\/investment\/","name":"Investment -","isPartOf":{"@id":"https:\/\/mining-investments.com\/#website"},"primaryImageOfPage":{"@id":"https:\/\/mining-investments.com\/investment\/#primaryimage"},"image":{"@id":"https:\/\/mining-investments.com\/investment\/#primaryimage"},"thumbnailUrl":"https:\/\/mining-investments.com\/wp-content\/uploads\/2022\/11\/open-pit-mining-excavator-industry-2745412.jpg","datePublished":"2022-11-07T16:55:25+00:00","dateModified":"2022-11-28T15:32:20+00:00","breadcrumb":{"@id":"https:\/\/mining-investments.com\/investment\/#breadcrumb"},"inLanguage":"es","potentialAction":[{"@type":"ReadAction","target":["https:\/\/mining-investments.com\/investment\/"]}]},{"@type":"ImageObject","inLanguage":"es","@id":"https:\/\/mining-investments.com\/investment\/#primaryimage","url":"https:\/\/mining-investments.com\/wp-content\/uploads\/2022\/11\/open-pit-mining-excavator-industry-2745412.jpg","contentUrl":"https:\/\/mining-investments.com\/wp-content\/uploads\/2022\/11\/open-pit-mining-excavator-industry-2745412.jpg"},{"@type":"BreadcrumbList","@id":"https:\/\/mining-investments.com\/investment\/#breadcrumb","itemListElement":[{"@type":"ListItem","position":1,"name":"Home","item":"https:\/\/mining-investments.com\/"},{"@type":"ListItem","position":2,"name":"Investment"}]},{"@type":"WebSite","@id":"https:\/\/mining-investments.com\/#website","url":"https:\/\/mining-investments.com\/","name":"","description":"","potentialAction":[{"@type":"SearchAction","target":{"@type":"EntryPoint","urlTemplate":"https:\/\/mining-investments.com\/?s={search_term_string}"},"query-input":{"@type":"PropertyValueSpecification","valueRequired":true,"valueName":"search_term_string"}}],"inLanguage":"es"}]}},"_links":{"self":[{"href":"https:\/\/mining-investments.com\/es\/wp-json\/wp\/v2\/pages\/2057","targetHints":{"allow":["GET"]}}],"collection":[{"href":"https:\/\/mining-investments.com\/es\/wp-json\/wp\/v2\/pages"}],"about":[{"href":"https:\/\/mining-investments.com\/es\/wp-json\/wp\/v2\/types\/page"}],"author":[{"embeddable":true,"href":"https:\/\/mining-investments.com\/es\/wp-json\/wp\/v2\/users\/1"}],"replies":[{"embeddable":true,"href":"https:\/\/mining-investments.com\/es\/wp-json\/wp\/v2\/comments?post=2057"}],"version-history":[{"count":10,"href":"https:\/\/mining-investments.com\/es\/wp-json\/wp\/v2\/pages\/2057\/revisions"}],"predecessor-version":[{"id":2187,"href":"https:\/\/mining-investments.com\/es\/wp-json\/wp\/v2\/pages\/2057\/revisions\/2187"}],"wp:attachment":[{"href":"https:\/\/mining-investments.com\/es\/wp-json\/wp\/v2\/media?parent=2057"}],"curies":[{"name":"wp","href":"https:\/\/api.w.org\/{rel}","templated":true}]}}