{"id":71,"date":"2017-07-12T05:53:59","date_gmt":"2017-07-12T05:53:59","guid":{"rendered":"https:\/\/mining-investments.com\/about\/"},"modified":"2022-11-28T14:25:14","modified_gmt":"2022-11-28T14:25:14","slug":"about","status":"publish","type":"page","link":"https:\/\/mining-investments.com\/es\/about\/","title":{"rendered":"Sobre"},"content":{"rendered":"<div data-elementor-type=\"wp-post\" data-elementor-id=\"71\" class=\"elementor elementor-71\">\n\t\t\t\t\t\t<section class=\"elementor-section elementor-top-section elementor-element elementor-element-7116a5b2 elementor-section-boxed elementor-section-height-default elementor-section-height-default\" data-id=\"7116a5b2\" data-element_type=\"section\" data-settings=\"{&quot;background_background&quot;:&quot;classic&quot;}\">\n\t\t\t\t\t\t\t<div class=\"elementor-background-overlay\"><\/div>\n\t\t\t\t\t\t\t<div class=\"elementor-container elementor-column-gap-no\">\n\t\t\t\t\t<div class=\"elementor-column elementor-col-100 elementor-top-column elementor-element elementor-element-6439be06\" data-id=\"6439be06\" data-element_type=\"column\" data-settings=\"{&quot;background_background&quot;:&quot;classic&quot;}\">\n\t\t\t<div class=\"elementor-widget-wrap elementor-element-populated\">\n\t\t\t\t\t\t<div class=\"elementor-element elementor-element-198df6ee elementor-widget elementor-widget-heading\" data-id=\"198df6ee\" data-element_type=\"widget\" data-widget_type=\"heading.default\">\n\t\t\t\t<div class=\"elementor-widget-container\">\n\t\t\t\t\t<h1 class=\"elementor-heading-title elementor-size-default\">Sobre Nosotros<\/h1>\t\t\t\t<\/div>\n\t\t\t\t<\/div>\n\t\t\t\t\t<\/div>\n\t\t<\/div>\n\t\t\t\t\t<\/div>\n\t\t<\/section>\n\t\t\t\t<section class=\"elementor-section elementor-top-section elementor-element elementor-element-871babd elementor-section-boxed elementor-section-height-default elementor-section-height-default\" data-id=\"871babd\" data-element_type=\"section\">\n\t\t\t\t\t\t<div class=\"elementor-container elementor-column-gap-no\">\n\t\t\t\t\t<div class=\"elementor-column elementor-col-50 elementor-top-column elementor-element elementor-element-77e3bb83\" data-id=\"77e3bb83\" data-element_type=\"column\">\n\t\t\t<div class=\"elementor-widget-wrap elementor-element-populated\">\n\t\t\t\t\t\t<div class=\"elementor-element elementor-element-2d9347f6 elementor-widget elementor-widget-image\" data-id=\"2d9347f6\" data-element_type=\"widget\" data-widget_type=\"image.default\">\n\t\t\t\t<div class=\"elementor-widget-container\">\n\t\t\t\t\t\t\t\t\t\t\t\t\t\t\t<img fetchpriority=\"high\" decoding=\"async\" width=\"541\" height=\"591\" src=\"https:\/\/mining-investments.com\/wp-content\/uploads\/2022\/11\/construction-03.jpg\" class=\"attachment-full size-full wp-image-1920\" alt=\"\" srcset=\"https:\/\/mining-investments.com\/wp-content\/uploads\/2022\/11\/construction-03.jpg 541w, https:\/\/mining-investments.com\/wp-content\/uploads\/2022\/11\/construction-03-275x300.jpg 275w\" sizes=\"(max-width: 541px) 100vw, 541px\" \/>\t\t\t\t\t\t\t\t\t\t\t\t\t\t\t<\/div>\n\t\t\t\t<\/div>\n\t\t\t\t\t<\/div>\n\t\t<\/div>\n\t\t\t\t<div class=\"elementor-column elementor-col-50 elementor-top-column elementor-element elementor-element-7e966216\" data-id=\"7e966216\" data-element_type=\"column\">\n\t\t\t<div class=\"elementor-widget-wrap elementor-element-populated\">\n\t\t\t\t\t\t<div class=\"elementor-element elementor-element-59a74dcd elementor-widget elementor-widget-heading\" data-id=\"59a74dcd\" data-element_type=\"widget\" data-widget_type=\"heading.default\">\n\t\t\t\t<div class=\"elementor-widget-container\">\n\t\t\t\t\t<h2 class=\"elementor-heading-title elementor-size-default\">Nuestra Historia<\/h2>\t\t\t\t<\/div>\n\t\t\t\t<\/div>\n\t\t\t\t<div class=\"elementor-element elementor-element-46d8a17c elementor-widget-divider--view-line elementor-widget elementor-widget-divider\" data-id=\"46d8a17c\" data-element_type=\"widget\" data-widget_type=\"divider.default\">\n\t\t\t\t<div class=\"elementor-widget-container\">\n\t\t\t\t\t\t\t<div class=\"elementor-divider\">\n\t\t\t<span class=\"elementor-divider-separator\">\n\t\t\t\t\t\t<\/span>\n\t\t<\/div>\n\t\t\t\t\t\t<\/div>\n\t\t\t\t<\/div>\n\t\t\t\t<div class=\"elementor-element elementor-element-4bef784e elementor-widget elementor-widget-text-editor\" data-id=\"4bef784e\" data-element_type=\"widget\" data-widget_type=\"text-editor.default\">\n\t\t\t\t<div class=\"elementor-widget-container\">\n\t\t\t\t\t\t\t\t\t<p><span style=\"font-weight: 400;\">Nos concentramos en desarrollar los recursos minerales y energ\u00e9ticos de un pa\u00eds para maximizar los beneficios econ\u00f3micos y sociales mientras minimizamos los impactos ambientales y compramos acciones en compa\u00f1\u00edas mineras.<\/span><\/p><p><span style=\"font-weight: 400;\">Las acciones de las minas de oro, plata y cobre son veh\u00edculos de inversi\u00f3n populares para las empresas de inversi\u00f3n y los inversores que buscan posibilidades de ganancias masivas. Es una oportunidad de inversi\u00f3n de alto riesgo con grandes ganancias para las personas que est\u00e1n listas para aprender sobre la extracci\u00f3n de oro u otros metales preciosos. \u00a1Aprenda c\u00f3mo invertir adecuadamente en dichas acciones mineras sin temor a un colapso financiero! Invertir en empresas que adquieran, exploren, desarrollen y extraigan recursos minerales.<\/span><\/p><p><strong>Conozca Los Secretos De Invertir En Acciones Mineras:<\/strong><\/p><ul><li style=\"font-weight: 400;\" aria-level=\"1\"><span style=\"font-weight: 400;\">C\u00f3mo elegir empresas mineras en las que invertir<\/span><\/li><\/ul><ul><li style=\"font-weight: 400;\" aria-level=\"1\"><span style=\"font-weight: 400;\">C\u00f3mo decidir si la miner\u00eda de oro, plata o cobre es una buena inversi\u00f3n para usted<\/span><\/li><\/ul><ul><li style=\"font-weight: 400;\" aria-level=\"1\"><span style=\"font-weight: 400;\">C\u00f3mo investigar los m\u00e9todos de miner\u00eda de la empresa<\/span><\/li><\/ul><ul><li style=\"font-weight: 400;\" aria-level=\"1\"><span style=\"font-weight: 400;\">C\u00f3mo entender los informes de mineralizaci\u00f3n.<\/span><\/li><\/ul><p><span style=\"font-weight: 400;\">Nuestra estrategia se basa en optimizar el consumo de agua y por ende de los recursos naturales para evitar impactos negativos en la salud de las comunidades aleda\u00f1as a la mina.<\/span><\/p><p><span style=\"font-weight: 400;\">El agua es fundamental en la industria minera, por lo que el esfuerzo en el desarrollo y construcci\u00f3n de plantas desaladoras es considerable. Para reducir el uso de energ\u00eda y el efecto sobre las emisiones de efecto invernadero, tambi\u00e9n se sugiere instalar el uso de diesel con energ\u00eda e\u00f3lica, solar o geot\u00e9rmica y la recaptura de cianuro es una estrategia de reducci\u00f3n de desechos.<\/span><\/p>\t\t\t\t\t\t\t\t<\/div>\n\t\t\t\t<\/div>\n\t\t\t\t<section class=\"elementor-section elementor-inner-section elementor-element elementor-element-5df04c0b elementor-section-boxed elementor-section-height-default elementor-section-height-default\" data-id=\"5df04c0b\" data-element_type=\"section\">\n\t\t\t\t\t\t<div class=\"elementor-container elementor-column-gap-no\">\n\t\t\t\t\t<div class=\"elementor-column elementor-col-50 elementor-inner-column elementor-element elementor-element-48c6233f\" data-id=\"48c6233f\" data-element_type=\"column\">\n\t\t\t<div class=\"elementor-widget-wrap elementor-element-populated\">\n\t\t\t\t\t\t<div class=\"elementor-element elementor-element-4032ca80 elementor-align-start elementor-mobile-align-start elementor-icon-list--layout-traditional elementor-list-item-link-full_width elementor-widget elementor-widget-icon-list\" data-id=\"4032ca80\" data-element_type=\"widget\" data-widget_type=\"icon-list.default\">\n\t\t\t\t<div class=\"elementor-widget-container\">\n\t\t\t\t\t\t\t<ul class=\"elementor-icon-list-items\">\n\t\t\t\t\t\t\t<li class=\"elementor-icon-list-item\">\n\t\t\t\t\t\t\t\t\t\t\t<span class=\"elementor-icon-list-icon\">\n\t\t\t\t\t\t\t<i aria-hidden=\"true\" class=\"fas fa-check-circle\"><\/i>\t\t\t\t\t\t<\/span>\n\t\t\t\t\t\t\t\t\t\t<span class=\"elementor-icon-list-text\">Especialista Profesional <\/span>\n\t\t\t\t\t\t\t\t\t<\/li>\n\t\t\t\t\t\t\t\t<li class=\"elementor-icon-list-item\">\n\t\t\t\t\t\t\t\t\t\t\t<span class=\"elementor-icon-list-icon\">\n\t\t\t\t\t\t\t<i aria-hidden=\"true\" class=\"fas fa-check-circle\"><\/i>\t\t\t\t\t\t<\/span>\n\t\t\t\t\t\t\t\t\t\t<span class=\"elementor-icon-list-text\">Ideas brillantes <\/span>\n\t\t\t\t\t\t\t\t\t<\/li>\n\t\t\t\t\t\t<\/ul>\n\t\t\t\t\t\t<\/div>\n\t\t\t\t<\/div>\n\t\t\t\t\t<\/div>\n\t\t<\/div>\n\t\t\t\t<div class=\"elementor-column elementor-col-50 elementor-inner-column elementor-element elementor-element-34d049de\" data-id=\"34d049de\" data-element_type=\"column\">\n\t\t\t<div class=\"elementor-widget-wrap elementor-element-populated\">\n\t\t\t\t\t\t<div class=\"elementor-element elementor-element-24db0468 elementor-align-start elementor-mobile-align-start elementor-icon-list--layout-traditional elementor-list-item-link-full_width elementor-widget elementor-widget-icon-list\" data-id=\"24db0468\" data-element_type=\"widget\" data-widget_type=\"icon-list.default\">\n\t\t\t\t<div class=\"elementor-widget-container\">\n\t\t\t\t\t\t\t<ul class=\"elementor-icon-list-items\">\n\t\t\t\t\t\t\t<li class=\"elementor-icon-list-item\">\n\t\t\t\t\t\t\t\t\t\t\t<span class=\"elementor-icon-list-icon\">\n\t\t\t\t\t\t\t<i aria-hidden=\"true\" class=\"fas fa-check-circle\"><\/i>\t\t\t\t\t\t<\/span>\n\t\t\t\t\t\t\t\t\t\t<span class=\"elementor-icon-list-text\">Constructores precisos<\/span>\n\t\t\t\t\t\t\t\t\t<\/li>\n\t\t\t\t\t\t\t\t<li class=\"elementor-icon-list-item\">\n\t\t\t\t\t\t\t\t\t\t\t<span class=\"elementor-icon-list-icon\">\n\t\t\t\t\t\t\t<i aria-hidden=\"true\" class=\"fas fa-check-circle\"><\/i>\t\t\t\t\t\t<\/span>\n\t\t\t\t\t\t\t\t\t\t<span class=\"elementor-icon-list-text\">Asistencia 24\/7<\/span>\n\t\t\t\t\t\t\t\t\t<\/li>\n\t\t\t\t\t\t<\/ul>\n\t\t\t\t\t\t<\/div>\n\t\t\t\t<\/div>\n\t\t\t\t\t<\/div>\n\t\t<\/div>\n\t\t\t\t\t<\/div>\n\t\t<\/section>\n\t\t\t\t\t<\/div>\n\t\t<\/div>\n\t\t\t\t\t<\/div>\n\t\t<\/section>\n\t\t\t\t<\/div>","protected":false},"excerpt":{"rendered":"<p>About Us Our Story We concentrate on developing a country&#8217;s mineral and energy resources to maximize economic and social benefits while minimizing environmental impacts and buying stock in mining companies. Gold, silver, as well as copper mine stocks, are popular investment vehicles for investment firms and investors seeking massive profit possibilities. It&#8217;s a high-risk investment [&hellip;]<\/p>","protected":false},"author":1,"featured_media":0,"parent":0,"menu_order":0,"comment_status":"closed","ping_status":"closed","template":"","meta":{"site-sidebar-layout":"no-sidebar","site-content-layout":"page-builder","ast-site-content-layout":"default","site-content-style":"default","site-sidebar-style":"default","ast-global-header-display":"","ast-banner-title-visibility":"","ast-main-header-display":"","ast-hfb-above-header-display":"","ast-hfb-below-header-display":"","ast-hfb-mobile-header-display":"","site-post-title":"disabled","ast-breadcrumbs-content":"","ast-featured-img":"disabled","footer-sml-layout":"","ast-disable-related-posts":"","theme-transparent-header-meta":"enabled","adv-header-id-meta":"","stick-header-meta":"","header-above-stick-meta":"","header-main-stick-meta":"","header-below-stick-meta":"","astra-migrate-meta-layouts":"default","ast-page-background-enabled":"default","ast-page-background-meta":{"desktop":{"background-color":"","background-image":"","background-repeat":"repeat","background-position":"center center","background-size":"auto","background-attachment":"scroll","background-type":"","background-media":"","overlay-type":"","overlay-color":"","overlay-opacity":"","overlay-gradient":""},"tablet":{"background-color":"","background-image":"","background-repeat":"repeat","background-position":"center center","background-size":"auto","background-attachment":"scroll","background-type":"","background-media":"","overlay-type":"","overlay-color":"","overlay-opacity":"","overlay-gradient":""},"mobile":{"background-color":"","background-image":"","background-repeat":"repeat","background-position":"center center","background-size":"auto","background-attachment":"scroll","background-type":"","background-media":"","overlay-type":"","overlay-color":"","overlay-opacity":"","overlay-gradient":""}},"ast-content-background-meta":{"desktop":{"background-color":"var(--ast-global-color-5)","background-image":"","background-repeat":"repeat","background-position":"center center","background-size":"auto","background-attachment":"scroll","background-type":"","background-media":"","overlay-type":"","overlay-color":"","overlay-opacity":"","overlay-gradient":""},"tablet":{"background-color":"var(--ast-global-color-5)","background-image":"","background-repeat":"repeat","background-position":"center center","background-size":"auto","background-attachment":"scroll","background-type":"","background-media":"","overlay-type":"","overlay-color":"","overlay-opacity":"","overlay-gradient":""},"mobile":{"background-color":"var(--ast-global-color-5)","background-image":"","background-repeat":"repeat","background-position":"center center","background-size":"auto","background-attachment":"scroll","background-type":"","background-media":"","overlay-type":"","overlay-color":"","overlay-opacity":"","overlay-gradient":""}},"footnotes":""},"class_list":["post-71","page","type-page","status-publish","hentry"],"yoast_head":"<!-- This site is optimized with the Yoast SEO plugin v26.6 - https:\/\/yoast.com\/wordpress\/plugins\/seo\/ -->\n<title>About -<\/title>\n<meta name=\"robots\" content=\"index, follow, max-snippet:-1, max-image-preview:large, max-video-preview:-1\" \/>\n<link rel=\"canonical\" href=\"https:\/\/mining-investments.com\/es\/about\/\" \/>\n<meta property=\"og:locale\" content=\"es_ES\" \/>\n<meta property=\"og:type\" content=\"article\" \/>\n<meta property=\"og:title\" content=\"About -\" \/>\n<meta property=\"og:description\" content=\"About Us Our Story We concentrate on developing a country&#8217;s mineral and energy resources to maximize economic and social benefits while minimizing environmental impacts and buying stock in mining companies. Gold, silver, as well as copper mine stocks, are popular investment vehicles for investment firms and investors seeking massive profit possibilities. It&#8217;s a high-risk investment [&hellip;]\" \/>\n<meta property=\"og:url\" content=\"https:\/\/mining-investments.com\/es\/about\/\" \/>\n<meta property=\"article:modified_time\" content=\"2022-11-28T14:25:14+00:00\" \/>\n<meta property=\"og:image\" content=\"https:\/\/mining-investments.com\/wp-content\/uploads\/2022\/11\/construction-03.jpg\" \/>\n<meta name=\"twitter:card\" content=\"summary_large_image\" \/>\n<meta name=\"twitter:label1\" content=\"Tiempo de lectura\" \/>\n\t<meta name=\"twitter:data1\" content=\"2 minutos\" \/>\n<script type=\"application\/ld+json\" class=\"yoast-schema-graph\">{\"@context\":\"https:\/\/schema.org\",\"@graph\":[{\"@type\":\"WebPage\",\"@id\":\"https:\/\/mining-investments.com\/about\/\",\"url\":\"https:\/\/mining-investments.com\/about\/\",\"name\":\"About -\",\"isPartOf\":{\"@id\":\"https:\/\/mining-investments.com\/#website\"},\"primaryImageOfPage\":{\"@id\":\"https:\/\/mining-investments.com\/about\/#primaryimage\"},\"image\":{\"@id\":\"https:\/\/mining-investments.com\/about\/#primaryimage\"},\"thumbnailUrl\":\"https:\/\/mining-investments.com\/wp-content\/uploads\/2022\/11\/construction-03.jpg\",\"datePublished\":\"2017-07-12T05:53:59+00:00\",\"dateModified\":\"2022-11-28T14:25:14+00:00\",\"breadcrumb\":{\"@id\":\"https:\/\/mining-investments.com\/about\/#breadcrumb\"},\"inLanguage\":\"es\",\"potentialAction\":[{\"@type\":\"ReadAction\",\"target\":[\"https:\/\/mining-investments.com\/about\/\"]}]},{\"@type\":\"ImageObject\",\"inLanguage\":\"es\",\"@id\":\"https:\/\/mining-investments.com\/about\/#primaryimage\",\"url\":\"https:\/\/mining-investments.com\/wp-content\/uploads\/2022\/11\/construction-03.jpg\",\"contentUrl\":\"https:\/\/mining-investments.com\/wp-content\/uploads\/2022\/11\/construction-03.jpg\"},{\"@type\":\"BreadcrumbList\",\"@id\":\"https:\/\/mining-investments.com\/about\/#breadcrumb\",\"itemListElement\":[{\"@type\":\"ListItem\",\"position\":1,\"name\":\"Home\",\"item\":\"https:\/\/mining-investments.com\/\"},{\"@type\":\"ListItem\",\"position\":2,\"name\":\"About\"}]},{\"@type\":\"WebSite\",\"@id\":\"https:\/\/mining-investments.com\/#website\",\"url\":\"https:\/\/mining-investments.com\/\",\"name\":\"\",\"description\":\"\",\"potentialAction\":[{\"@type\":\"SearchAction\",\"target\":{\"@type\":\"EntryPoint\",\"urlTemplate\":\"https:\/\/mining-investments.com\/?s={search_term_string}\"},\"query-input\":{\"@type\":\"PropertyValueSpecification\",\"valueRequired\":true,\"valueName\":\"search_term_string\"}}],\"inLanguage\":\"es\"}]}<\/script>\n<!-- \/ Yoast SEO plugin. -->","yoast_head_json":{"title":"About -","robots":{"index":"index","follow":"follow","max-snippet":"max-snippet:-1","max-image-preview":"max-image-preview:large","max-video-preview":"max-video-preview:-1"},"canonical":"https:\/\/mining-investments.com\/es\/about\/","og_locale":"es_ES","og_type":"article","og_title":"About -","og_description":"About Us Our Story We concentrate on developing a country&#8217;s mineral and energy resources to maximize economic and social benefits while minimizing environmental impacts and buying stock in mining companies. Gold, silver, as well as copper mine stocks, are popular investment vehicles for investment firms and investors seeking massive profit possibilities. It&#8217;s a high-risk investment [&hellip;]","og_url":"https:\/\/mining-investments.com\/es\/about\/","article_modified_time":"2022-11-28T14:25:14+00:00","og_image":[{"url":"https:\/\/mining-investments.com\/wp-content\/uploads\/2022\/11\/construction-03.jpg","type":"","width":"","height":""}],"twitter_card":"summary_large_image","twitter_misc":{"Tiempo de lectura":"2 minutos"},"schema":{"@context":"https:\/\/schema.org","@graph":[{"@type":"WebPage","@id":"https:\/\/mining-investments.com\/about\/","url":"https:\/\/mining-investments.com\/about\/","name":"About -","isPartOf":{"@id":"https:\/\/mining-investments.com\/#website"},"primaryImageOfPage":{"@id":"https:\/\/mining-investments.com\/about\/#primaryimage"},"image":{"@id":"https:\/\/mining-investments.com\/about\/#primaryimage"},"thumbnailUrl":"https:\/\/mining-investments.com\/wp-content\/uploads\/2022\/11\/construction-03.jpg","datePublished":"2017-07-12T05:53:59+00:00","dateModified":"2022-11-28T14:25:14+00:00","breadcrumb":{"@id":"https:\/\/mining-investments.com\/about\/#breadcrumb"},"inLanguage":"es","potentialAction":[{"@type":"ReadAction","target":["https:\/\/mining-investments.com\/about\/"]}]},{"@type":"ImageObject","inLanguage":"es","@id":"https:\/\/mining-investments.com\/about\/#primaryimage","url":"https:\/\/mining-investments.com\/wp-content\/uploads\/2022\/11\/construction-03.jpg","contentUrl":"https:\/\/mining-investments.com\/wp-content\/uploads\/2022\/11\/construction-03.jpg"},{"@type":"BreadcrumbList","@id":"https:\/\/mining-investments.com\/about\/#breadcrumb","itemListElement":[{"@type":"ListItem","position":1,"name":"Home","item":"https:\/\/mining-investments.com\/"},{"@type":"ListItem","position":2,"name":"About"}]},{"@type":"WebSite","@id":"https:\/\/mining-investments.com\/#website","url":"https:\/\/mining-investments.com\/","name":"","description":"","potentialAction":[{"@type":"SearchAction","target":{"@type":"EntryPoint","urlTemplate":"https:\/\/mining-investments.com\/?s={search_term_string}"},"query-input":{"@type":"PropertyValueSpecification","valueRequired":true,"valueName":"search_term_string"}}],"inLanguage":"es"}]}},"_links":{"self":[{"href":"https:\/\/mining-investments.com\/es\/wp-json\/wp\/v2\/pages\/71","targetHints":{"allow":["GET"]}}],"collection":[{"href":"https:\/\/mining-investments.com\/es\/wp-json\/wp\/v2\/pages"}],"about":[{"href":"https:\/\/mining-investments.com\/es\/wp-json\/wp\/v2\/types\/page"}],"author":[{"embeddable":true,"href":"https:\/\/mining-investments.com\/es\/wp-json\/wp\/v2\/users\/1"}],"replies":[{"embeddable":true,"href":"https:\/\/mining-investments.com\/es\/wp-json\/wp\/v2\/comments?post=71"}],"version-history":[{"count":20,"href":"https:\/\/mining-investments.com\/es\/wp-json\/wp\/v2\/pages\/71\/revisions"}],"predecessor-version":[{"id":2106,"href":"https:\/\/mining-investments.com\/es\/wp-json\/wp\/v2\/pages\/71\/revisions\/2106"}],"wp:attachment":[{"href":"https:\/\/mining-investments.com\/es\/wp-json\/wp\/v2\/media?parent=71"}],"curies":[{"name":"wp","href":"https:\/\/api.w.org\/{rel}","templated":true}]}}